{"id":1013,"date":"2025-01-07T23:12:21","date_gmt":"2025-01-07T23:12:21","guid":{"rendered":"https:\/\/mindsession.com\/?page_id=1013"},"modified":"2025-05-12T15:32:59","modified_gmt":"2025-05-12T15:32:59","slug":"lara-kalaf","status":"publish","type":"page","link":"https:\/\/www.mindsession.com\/fr\/about-mindsession-intercultural-psychology\/our-team\/lara-kalaf\/","title":{"rendered":"Lara Kalaf"},"content":{"rendered":"<style data-block-type=\"core\"><\/style><style data-block-type=\"core\"><\/style>\n<div class=\"wp-block-stackable-button-group stk-block-button-group stk-block stk-ef6b7e5\" data-block-id=\"ef6b7e5\"><style>.stk-ef6b7e5 .stk-block-button, .stk-ef6b7e5 .stk-block-icon-button{flex:1 0 0% !important;}<\/style><div class=\"stk-row stk-inner-blocks stk-block-content stk-button-group\">\n<div class=\"wp-block-stackable-button stk-block-button is-style-link stk-block stk-c7bb58d\" data-block-id=\"c7bb58d\"><style>.stk-c7bb58d .stk-button:before{box-shadow:0 0 0 1px #7878781a !important;border-color:var(--stk-global-color-92563, #437d83) !important;border-top-width:0px !important;border-right-width:0px !important;border-bottom-width:0px !important;border-left-width:0px !important;}.stk-c7bb58d .stk-button .stk--inner-svg svg:last-child{margin-inline-end:9px !important;}.stk-c7bb58d .stk-button .stk--inner-svg svg:last-child, .stk-c7bb58d .stk-button .stk--inner-svg svg:last-child :is(g, path, rect, polygon, ellipse){fill:var(--stk-global-color-92563, #437d83) !important;}<\/style><a class=\"stk-link stk-button stk--hover-effect-darken\" href=\"https:\/\/www.mindsession.com\/fr\/about\/our-team\/\"><span class=\"stk--svg-wrapper\"><div class=\"stk--inner-svg\"><svg xmlns=\"http:\/\/www.w3.org\/2000\/svg\" viewbox=\"0 0 448 512\" aria-hidden=\"true\" width=\"32\" height=\"32\"><path d=\"M9.4 233.4c-12.5 12.5-12.5 32.8 0 45.3l160 160c12.5 12.5 32.8 12.5 45.3 0s12.5-32.8 0-45.3L109.2 288 416 288c17.7 0 32-14.3 32-32s-14.3-32-32-32l-306.7 0L214.6 118.6c12.5-12.5 12.5-32.8 0-45.3s-32.8-12.5-45.3 0l-160 160z\"><\/path><\/svg><\/div><\/span><span class=\"stk-button__inner-text\">Retour \u00e0 l&#039;\u00e9quipe<\/span><\/a><\/div>\n<\/div><\/div>\n\n\n\n<div class=\"wp-block-stackable-columns alignfull stk-block-columns stk-block stk-0b1ff87 stk-block-background\" data-block-id=\"0b1ff87\"><style>.stk-0b1ff87 {padding-top:80px !important;padding-bottom:80px !important;}<\/style><div class=\"stk-row stk-inner-blocks stk-block-content stk-content-align stk-0b1ff87-column alignwide\">\n<div class=\"wp-block-stackable-column stk-block-column stk-column stk-block stk-b669654\" data-v=\"4\" data-block-id=\"b669654\"><div class=\"stk-column-wrapper stk-block-column__content stk-container stk-b669654-container stk--no-background stk--no-padding\"><div class=\"stk-block-content stk-inner-blocks stk-b669654-inner-blocks\">\n<div class=\"wp-block-stackable-columns stk-block-columns stk-block stk-dfbbd70\" data-block-id=\"dfbbd70\"><style>.stk-dfbbd70 {margin-bottom:48px !important;}.stk-dfbbd70-column{--stk-column-gap:64px !important;row-gap:32px !important;}<\/style><div class=\"stk-row stk-inner-blocks stk-block-content stk-content-align stk-dfbbd70-column\">\n<div class=\"wp-block-stackable-column stk-block-column stk-column stk-block stk-96bb042\" data-v=\"4\" data-block-id=\"96bb042\"><style>.stk-96bb042-container{margin-top:0px !important;margin-right:0px !important;margin-bottom:0px !important;margin-left:0px !important;display:flex !important;}.stk-96bb042-inner-blocks{justify-content:center !important;}@media screen and (min-width:690px) and (max-width:999px){.stk-96bb042 {flex:var(--stk-flex-grow, 1) 1 calc(100% - var(--stk-column-gap, 0px) * 0 \/ 1 ) !important;}}<\/style><div class=\"stk-column-wrapper stk-block-column__content stk-container stk-96bb042-container stk--no-background stk--no-padding\"><div class=\"stk-block-content stk-inner-blocks stk-96bb042-inner-blocks\">\n<div class=\"wp-block-stackable-heading stk-block-heading stk-block-heading--v2 stk-block stk-0d26ad3\" id=\"lara-kalaf\" data-block-id=\"0d26ad3\"><h1 class=\"stk-block-heading__text\">Lara Kalaf<\/h1><\/div>\n\n\n\n<div class=\"wp-block-stackable-heading stk-block-heading stk-block-heading--v2 stk-block stk-c90041a\" id=\"founder-psychologist-clinical-supervisor\" data-block-id=\"c90041a\"><style>.stk-c90041a .stk-block-heading__text{color:var(--stk-global-color-70103, #025159) !important;}<\/style><h4 class=\"stk-block-heading__text has-text-color\">Fondateur | Psychologue | Superviseur clinique<\/h4><\/div>\n\n\n\n<div class=\"wp-block-stackable-icon stk-block-icon has-text-align-center-tablet stk-block stk-a295d7b\" data-block-id=\"a295d7b\"><span class=\"stk--svg-wrapper\"><div class=\"stk--inner-svg\"><svg style=\"height:0;width:0\"><defs><lineargradient id=\"linear-gradient-a295d7b\" x1=\"0\" x2=\"100%\" y1=\"0\" y2=\"0\"><stop offset=\"0%\" style=\"stop-opacity:1;stop-color:var(--linear-gradient-a-295-d-7-b-color-1)\"><\/stop><stop offset=\"100%\" style=\"stop-opacity:1;stop-color:var(--linear-gradient-a-295-d-7-b-color-2)\"><\/stop><\/lineargradient><\/defs><\/svg><svg aria-hidden=\"true\" data-prefix=\"fas\" data-icon=\"quote-right\" class=\"svg-inline--fa fa-quote-right fa-w-16\" xmlns=\"http:\/\/www.w3.org\/2000\/svg\" viewbox=\"0 0 512 512\" width=\"32\" height=\"32\"><path fill=\"currentColor\" d=\"M464 32H336c-26.5 0-48 21.5-48 48v128c0 26.5 21.5 48 48 48h80v64c0 35.3-28.7 64-64 64h-8c-13.3 0-24 10.7-24 24v48c0 13.3 10.7 24 24 24h8c88.4 0 160-71.6 160-160V80c0-26.5-21.5-48-48-48zm-288 0H48C21.5 32 0 53.5 0 80v128c0 26.5 21.5 48 48 48h80v64c0 35.3-28.7 64-64 64h-8c-13.3 0-24 10.7-24 24v48c0 13.3 10.7 24 24 24h8c88.4 0 160-71.6 160-160V80c0-26.5-21.5-48-48-48z\"><\/path><\/svg><\/div><\/span><\/div>\n\n\n\n<div class=\"wp-block-stackable-text stk-block-text stk-block stk-77216fb\" data-block-id=\"77216fb\"><p class=\"stk-block-text__text\">Je suis form\u00e9e pour aider les adultes, les enfants, les adolescents, les hommes, les femmes, les familles et les professionnels \u00e0 mieux faire face \u00e0 une grande vari\u00e9t\u00e9 de d\u00e9fis \u00e9motionnels, relationnels et personnels. Si vous vous sentez d\u00e9pass\u00e9, d\u00e9connect\u00e9 de vous-m\u00eame ou g\u00e9n\u00e9ralement malheureux et que vous appr\u00e9ciez une conversation authentique avec une autre personne pr\u00eate \u00e0 vous aider, alors je pense que nous serions un bon partenaire. J&#039;ai d\u00e9velopp\u00e9 une approche \u00e9clectique et culturellement sensible \u00e0 la th\u00e9rapie, fortement influenc\u00e9e par la psychologie humaniste\/existentielle, la psychologie positive, la TCC et l&#039;art-th\u00e9rapie expressive. Je me consacre \u00e0 l&#039;autonomisation des personnes souffrant de stress, d&#039;anxi\u00e9t\u00e9, de d\u00e9pression, de douleur chronique, de traumatisme, de deuil, de difficult\u00e9s d&#039;acculturation ou de troubles alimentaires en les aidant \u00e0 regarder au-del\u00e0 des facteurs de stress de leur vie et \u00e0 retrouver vitalit\u00e9, estime de soi et but dans la vie. Mes diverses exp\u00e9riences de travail ont nourri mes comp\u00e9tences th\u00e9rapeutiques au-del\u00e0 de ce que j&#039;ai appris lors de mon doctorat. Je travaille d&#039;abord \u00e0 \u00e9tablir un espace s\u00fbr et un plan de traitement personnalis\u00e9 unique pour r\u00e9pondre aux besoins individuels de chaque personne afin qu&#039;elle soit vraiment \u00e0 l&#039;aise pour prendre des mesures vers une vie plus \u00e9quilibr\u00e9e, sans souffrances inutiles.<\/p><\/div>\n\n\n\n<div class=\"wp-block-stackable-heading stk-block-heading stk-block-heading--v2 stk-block stk-bd94a21\" id=\"training-and-credentials\" data-block-id=\"bd94a21\"><h5 class=\"stk-block-heading__text\">Formation et qualifications<\/h5><\/div>\n\n\n\n<div class=\"wp-block-stackable-text stk-block-text stk-block stk-320d1eb\" data-block-id=\"320d1eb\"><p class=\"stk-block-text__text\">UQAM | Universit\u00e9 du Qu\u00e9bec \u00e0 Montr\u00e9al Doctorat en philosophie (Ph.D.), psychologie clinique. 2012 \u2013 2016 Th\u00e8se : L&#039;art-th\u00e9rapie comme outil de renforcement de la r\u00e9silience pour les enfants et les adolescents r\u00e9fugi\u00e9s. \u2022 University of Leeds MA, Masters in HRM\/Organisational Psychology. 2009 \u2013 2010 Dissertation (Distinction) : Les r\u00e9seaux sociaux en ligne permettent-ils le d\u00e9veloppement des connaissances gr\u00e2ce au capital social chez les travailleurs disparates ? \u2022 Concordia University BA, Business Studies. 2006 \u2013 2008 \u2022 Universit\u00e9 de Montr\u00e9al BA, Psychology. 2004 \u2013 2006<\/p><\/div>\n\n\n\n<div class=\"wp-block-stackable-heading stk-block-heading stk-block-heading--v2 stk-block stk-0a1ba25\" id=\"formation-et-parcours-professionnelle\" data-block-id=\"0a1ba25\"><h5 class=\"stk-block-heading__text\">Expertise et causes qui me tiennent \u00e0 c\u0153ur<\/h5><\/div>\n\n\n\n<div class=\"wp-block-stackable-text stk-block-text stk-block stk-4074a9c\" data-block-id=\"4074a9c\"><p class=\"stk-block-text__text\">Expertise : Anxi\u00e9t\u00e9 et d\u00e9pression \u2022 Probl\u00e8mes relationnels \u2022 Traumatismes et ESPT \u2022 Douleur chronique \u2022 Troubles alimentaires \u2022 Coaching parental \u2022 Sommeil ou insomnie \u2022 Probl\u00e8mes existentiels || Causes : Arts et culture \u2022 Enfants \u2022 Aide humanitaire et en cas de catastrophe \u2022 \u00c9ducation \u2022 Sant\u00e9 \u2022 Droits de l&#039;homme \u2022 R\u00e9duction de la pauvret\u00e9<\/p><\/div>\n\n\n\n<div class=\"wp-block-stackable-heading stk-block-heading stk-block-heading--v2 stk-block stk-8fa2ae1\" id=\"formation-et-parcours-professionnelle\" data-block-id=\"8fa2ae1\"><h5 class=\"stk-block-heading__text\">Approche<\/h5><\/div>\n\n\n\n<div class=\"wp-block-stackable-text stk-block-text stk-block stk-cdf0164\" data-block-id=\"cdf0164\"><p class=\"stk-block-text__text\">Humaniste\/existentielle \u2022 Approche \u00e9clectique \u2022 Th\u00e9rapie psychodynamique \u2022 Th\u00e9rapie cognitivo-comportementale (TCC) \u2022 Approche psychosomatique et pratiques de pleine conscience<\/p><\/div>\n\n\n\n<div class=\"wp-block-stackable-button-group stk-block-button-group stk-block stk-fd3d171\" data-block-id=\"fd3d171\"><style>.stk-fd3d171 {margin-bottom:40px !important;}.stk-fd3d171 .stk-inner-blocks{column-gap:8px !important;}<\/style><div class=\"stk-row stk-inner-blocks stk-block-content stk-button-group\">\n<div class=\"wp-block-stackable-button stk-block-button stk-block stk-7153a6c\" data-block-id=\"7153a6c\"><style>.stk-7153a6c .stk-button{background:var(--stk-global-color-92563, #437d83) !important;}.stk-7153a6c .stk-button:before{box-shadow:0 0 0 1px #7878781a !important;border-color:var(--stk-global-color-92563, #437d83) !important;border-top-width:0px !important;border-right-width:0px !important;border-bottom-width:0px !important;border-left-width:0px !important;}.stk-7153a6c .stk-button .stk--inner-svg svg:last-child{margin-inline-end:0px !important;}.stk-7153a6c .stk-button__inner-text{color:var(--stk-global-color-534, #ffffff) !important;}<\/style><a class=\"stk-link stk-button stk--hover-effect-darken\" href=\"\"><span class=\"has-text-color stk-button__inner-text\">R\u00e9server une s\u00e9ance<\/span><\/a><\/div>\n\n\n\n<div class=\"wp-block-stackable-button stk-block-button stk-block stk-2da46e9\" data-block-id=\"2da46e9\"><style>.stk-2da46e9 .stk-button{background:transparent !important;}.stk-2da46e9 .stk-button:hover:after{background:transparent !important;opacity:1 !important;}:where(.stk-hover-parent:hover,  .stk-hover-parent.stk--is-hovered) .stk-2da46e9 .stk-button:after{background:transparent !important;opacity:1 !important;}.stk-2da46e9 .stk-button:before{box-shadow:0 0 0 1px #7878781a !important;border-style:solid !important;border-color:var(--stk-global-color-92563, #437d83) !important;border-top-width:0px !important;border-right-width:0px !important;border-bottom-width:0px !important;border-left-width:0px !important;}.stk-2da46e9 .stk-button .stk--inner-svg svg:last-child{margin-inline-end:0px !important;}.stk-2da46e9 .stk-button .stk--inner-svg svg:last-child, .stk-2da46e9 .stk-button .stk--inner-svg svg:last-child :is(g, path, rect, polygon, ellipse){fill:var(--stk-global-color-92563, #437d83) !important;}.stk-2da46e9 .stk-button__inner-text{color:var(--stk-global-color-92563, #437d83) !important;}<\/style><a class=\"stk-link stk-button stk--hover-effect-darken\" href=\"\"><span class=\"has-text-color stk-button__inner-text\">Appelez-nous<\/span><\/a><\/div>\n<\/div><\/div>\n<\/div><\/div><\/div>\n\n\n\n<div class=\"wp-block-stackable-column stk-block-column stk-column stk-block stk-44df0d2\" data-v=\"4\" data-block-id=\"44df0d2\"><style>.stk-44df0d2-container{margin-top:0px !important;margin-right:0px !important;margin-bottom:0px !important;margin-left:0px !important;}@media screen and (min-width:690px) and (max-width:999px){.stk-44df0d2 {flex:var(--stk-flex-grow, 1) 1 calc(100% - var(--stk-column-gap, 0px) * 0 \/ 1 ) !important;}}<\/style><div class=\"stk-column-wrapper stk-block-column__content stk-container stk-44df0d2-container stk--no-background stk--no-padding\"><div class=\"stk-block-content stk-inner-blocks stk-44df0d2-inner-blocks\">\n<div class=\"wp-block-stackable-image stk-block-image stk-block stk-4f83e72\" data-block-id=\"4f83e72\"><style>.stk-4f83e72 .stk-img-wrapper{height:600px !important;}<\/style><figure><span class=\"stk-img-wrapper stk-image--shape-stretch\"><img loading=\"lazy\" decoding=\"async\" class=\"stk-img wp-image-951\" src=\"https:\/\/mindsession.com\/wp-content\/uploads\/2025\/01\/Image-etat-vide.jpg.avif\" width=\"639\" height=\"639\" srcset=\"https:\/\/www.mindsession.com\/wp-content\/uploads\/2025\/01\/Image-etat-vide.jpg.avif 639w, https:\/\/www.mindsession.com\/wp-content\/uploads\/2025\/01\/Image-etat-vide.jpg-300x300.jpg 300w, https:\/\/www.mindsession.com\/wp-content\/uploads\/2025\/01\/Image-etat-vide.jpg-150x150.jpg 150w, https:\/\/www.mindsession.com\/wp-content\/uploads\/2025\/01\/Image-etat-vide.jpg-12x12.jpg 12w\" sizes=\"auto, (max-width: 639px) 100vw, 639px\" \/><\/span><\/figure><\/div>\n\n\n\n<div class=\"wp-block-stackable-text stk-block-text stk-block stk-0d387cb\" data-block-id=\"0d387cb\"><p class=\"stk-block-text__text\">La Dre Lara Kalaf est la directrice clinique de MindSession Psychology et une psychologue agr\u00e9\u00e9e. Elle a plus de 11 ans d&#039;exp\u00e9rience clinique aupr\u00e8s d&#039;adultes, d&#039;adolescents, de parents et d&#039;enfants. Elle offre une supervision clinique, des services de diagnostic, de psychoth\u00e9rapie et de coaching parental. <\/p><\/div>\n\n\n\n<div class=\"wp-block-stackable-text stk-block-text stk-block stk-eec82b7\" data-block-id=\"eec82b7\"><p class=\"stk-block-text__text\">Client\u00e8le : Adultes, adolescents et parents Dipl\u00f4me : Ph.D. en psychologie clinique Permis : Psychologue au Qu\u00e9bec (membre de l&#039;OPQ) Langues : Anglais, fran\u00e7ais, arabe, espagnol\n<\/p><\/div>\n<\/div><\/div><\/div>\n<\/div><\/div>\n<\/div><\/div><\/div>\n<\/div><\/div>","protected":false},"excerpt":{"rendered":"","protected":false},"author":1,"featured_media":0,"parent":653,"menu_order":0,"comment_status":"closed","ping_status":"closed","template":"","meta":{"_gspb_post_css":"","footnotes":""},"class_list":["post-1013","page","type-page","status-publish","hentry"],"blocksy_meta":[],"yoast_head":"<!-- This site is optimized with the Yoast SEO plugin v27.4 - https:\/\/yoast.com\/product\/yoast-seo-wordpress\/ -->\n<title>Lara Kalaf - Mindsession Intercultural Psychology<\/title>\n<meta name=\"robots\" content=\"index, follow, max-snippet:-1, max-image-preview:large, max-video-preview:-1\" \/>\n<link rel=\"canonical\" href=\"https:\/\/www.mindsession.com\/fr\/about-mindsession-intercultural-psychology\/our-team\/lara-kalaf\/\" \/>\n<meta property=\"og:locale\" content=\"fr_CA\" \/>\n<meta property=\"og:type\" content=\"article\" \/>\n<meta property=\"og:title\" content=\"Lara Kalaf - Mindsession Intercultural Psychology\" \/>\n<meta property=\"og:url\" content=\"https:\/\/www.mindsession.com\/fr\/about-mindsession-intercultural-psychology\/our-team\/lara-kalaf\/\" \/>\n<meta property=\"og:site_name\" content=\"Mindsession Intercultural Psychology\" \/>\n<meta property=\"article:publisher\" content=\"https:\/\/www.facebook.com\/MindSessionPsy\/\" \/>\n<meta property=\"article:modified_time\" content=\"2025-05-12T15:32:59+00:00\" \/>\n<meta name=\"twitter:card\" content=\"summary_large_image\" \/>\n<meta name=\"twitter:label1\" content=\"Estimation du temps de lecture\" \/>\n\t<meta name=\"twitter:data1\" content=\"2 minutes\" \/>\n<script type=\"application\/ld+json\" class=\"yoast-schema-graph\">{\"@context\":\"https:\\\/\\\/schema.org\",\"@graph\":[{\"@type\":\"WebPage\",\"@id\":\"https:\\\/\\\/www.mindsession.com\\\/about-mindsession-intercultural-psychology\\\/our-team\\\/lara-kalaf\\\/\",\"url\":\"https:\\\/\\\/www.mindsession.com\\\/about-mindsession-intercultural-psychology\\\/our-team\\\/lara-kalaf\\\/\",\"name\":\"Lara Kalaf - Mindsession Intercultural Psychology\",\"isPartOf\":{\"@id\":\"https:\\\/\\\/www.mindsession.com\\\/en\\\/#website\"},\"datePublished\":\"2025-01-07T23:12:21+00:00\",\"dateModified\":\"2025-05-12T15:32:59+00:00\",\"breadcrumb\":{\"@id\":\"https:\\\/\\\/www.mindsession.com\\\/about-mindsession-intercultural-psychology\\\/our-team\\\/lara-kalaf\\\/#breadcrumb\"},\"inLanguage\":\"fr-CA\",\"potentialAction\":[{\"@type\":\"ReadAction\",\"target\":[\"https:\\\/\\\/www.mindsession.com\\\/about-mindsession-intercultural-psychology\\\/our-team\\\/lara-kalaf\\\/\"]}]},{\"@type\":\"BreadcrumbList\",\"@id\":\"https:\\\/\\\/www.mindsession.com\\\/about-mindsession-intercultural-psychology\\\/our-team\\\/lara-kalaf\\\/#breadcrumb\",\"itemListElement\":[{\"@type\":\"ListItem\",\"position\":1,\"name\":\"Home\",\"item\":\"https:\\\/\\\/www.mindsession.com\\\/\"},{\"@type\":\"ListItem\",\"position\":2,\"name\":\"About\",\"item\":\"https:\\\/\\\/www.mindsession.com\\\/about-mindsession-intercultural-psychology\\\/\"},{\"@type\":\"ListItem\",\"position\":3,\"name\":\"Our Team\",\"item\":\"https:\\\/\\\/www.mindsession.com\\\/about-mindsession-intercultural-psychology\\\/our-team\\\/\"},{\"@type\":\"ListItem\",\"position\":4,\"name\":\"Lara Kalaf\"}]},{\"@type\":\"WebSite\",\"@id\":\"https:\\\/\\\/www.mindsession.com\\\/en\\\/#website\",\"url\":\"https:\\\/\\\/www.mindsession.com\\\/en\\\/\",\"name\":\"Mindsession Intercultural Psychology\",\"description\":\"A mental health clinic specializing in Intercultural Psychology, serving Montreal&#039;s diverse communities.\",\"publisher\":{\"@id\":\"https:\\\/\\\/www.mindsession.com\\\/en\\\/#organization\"},\"potentialAction\":[{\"@type\":\"SearchAction\",\"target\":{\"@type\":\"EntryPoint\",\"urlTemplate\":\"https:\\\/\\\/www.mindsession.com\\\/en\\\/?s={search_term_string}\"},\"query-input\":{\"@type\":\"PropertyValueSpecification\",\"valueRequired\":true,\"valueName\":\"search_term_string\"}}],\"inLanguage\":\"fr-CA\"},{\"@type\":\"Organization\",\"@id\":\"https:\\\/\\\/www.mindsession.com\\\/en\\\/#organization\",\"name\":\"Mindsession Intercultural Psychology\",\"url\":\"https:\\\/\\\/www.mindsession.com\\\/en\\\/\",\"logo\":{\"@type\":\"ImageObject\",\"inLanguage\":\"fr-CA\",\"@id\":\"https:\\\/\\\/www.mindsession.com\\\/en\\\/#\\\/schema\\\/logo\\\/image\\\/\",\"url\":\"https:\\\/\\\/www.mindsession.com\\\/wp-content\\\/uploads\\\/2025\\\/01\\\/3-Mindsession_Logo_Icon-with-Name-Teal.png\",\"contentUrl\":\"https:\\\/\\\/www.mindsession.com\\\/wp-content\\\/uploads\\\/2025\\\/01\\\/3-Mindsession_Logo_Icon-with-Name-Teal.png\",\"width\":12088,\"height\":4452,\"caption\":\"Mindsession Intercultural Psychology\"},\"image\":{\"@id\":\"https:\\\/\\\/www.mindsession.com\\\/en\\\/#\\\/schema\\\/logo\\\/image\\\/\"},\"sameAs\":[\"https:\\\/\\\/www.facebook.com\\\/MindSessionPsy\\\/\",\"https:\\\/\\\/www.instagram.com\\\/mindsession\\\/\",\"https:\\\/\\\/www.linkedin.com\\\/company\\\/mindsession-psychology\\\/?viewAsMember=true\"]}]}<\/script>\n<!-- \/ Yoast SEO plugin. -->","yoast_head_json":{"title":"Lara Kalaf - Mindsession Intercultural Psychology","robots":{"index":"index","follow":"follow","max-snippet":"max-snippet:-1","max-image-preview":"max-image-preview:large","max-video-preview":"max-video-preview:-1"},"canonical":"https:\/\/www.mindsession.com\/fr\/about-mindsession-intercultural-psychology\/our-team\/lara-kalaf\/","og_locale":"fr_CA","og_type":"article","og_title":"Lara Kalaf - Mindsession Intercultural Psychology","og_url":"https:\/\/www.mindsession.com\/fr\/about-mindsession-intercultural-psychology\/our-team\/lara-kalaf\/","og_site_name":"Mindsession Intercultural Psychology","article_publisher":"https:\/\/www.facebook.com\/MindSessionPsy\/","article_modified_time":"2025-05-12T15:32:59+00:00","twitter_card":"summary_large_image","twitter_misc":{"Estimation du temps de lecture":"2 minutes"},"schema":{"@context":"https:\/\/schema.org","@graph":[{"@type":"WebPage","@id":"https:\/\/www.mindsession.com\/about-mindsession-intercultural-psychology\/our-team\/lara-kalaf\/","url":"https:\/\/www.mindsession.com\/about-mindsession-intercultural-psychology\/our-team\/lara-kalaf\/","name":"Lara Kalaf - Mindsession Intercultural Psychology","isPartOf":{"@id":"https:\/\/www.mindsession.com\/en\/#website"},"datePublished":"2025-01-07T23:12:21+00:00","dateModified":"2025-05-12T15:32:59+00:00","breadcrumb":{"@id":"https:\/\/www.mindsession.com\/about-mindsession-intercultural-psychology\/our-team\/lara-kalaf\/#breadcrumb"},"inLanguage":"fr-CA","potentialAction":[{"@type":"ReadAction","target":["https:\/\/www.mindsession.com\/about-mindsession-intercultural-psychology\/our-team\/lara-kalaf\/"]}]},{"@type":"BreadcrumbList","@id":"https:\/\/www.mindsession.com\/about-mindsession-intercultural-psychology\/our-team\/lara-kalaf\/#breadcrumb","itemListElement":[{"@type":"ListItem","position":1,"name":"Home","item":"https:\/\/www.mindsession.com\/"},{"@type":"ListItem","position":2,"name":"About","item":"https:\/\/www.mindsession.com\/about-mindsession-intercultural-psychology\/"},{"@type":"ListItem","position":3,"name":"Our Team","item":"https:\/\/www.mindsession.com\/about-mindsession-intercultural-psychology\/our-team\/"},{"@type":"ListItem","position":4,"name":"Lara Kalaf"}]},{"@type":"WebSite","@id":"https:\/\/www.mindsession.com\/en\/#website","url":"https:\/\/www.mindsession.com\/en\/","name":"Mindsession Psychologie interculturelle","description":"Une clinique de sant\u00e9 mentale sp\u00e9cialis\u00e9e en psychologie interculturelle, au service des diverses communaut\u00e9s de Montr\u00e9al.","publisher":{"@id":"https:\/\/www.mindsession.com\/en\/#organization"},"potentialAction":[{"@type":"SearchAction","target":{"@type":"EntryPoint","urlTemplate":"https:\/\/www.mindsession.com\/en\/?s={search_term_string}"},"query-input":{"@type":"PropertyValueSpecification","valueRequired":true,"valueName":"search_term_string"}}],"inLanguage":"fr-CA"},{"@type":"Organization","@id":"https:\/\/www.mindsession.com\/en\/#organization","name":"Mindsession Psychologie interculturelle","url":"https:\/\/www.mindsession.com\/en\/","logo":{"@type":"ImageObject","inLanguage":"fr-CA","@id":"https:\/\/www.mindsession.com\/en\/#\/schema\/logo\/image\/","url":"https:\/\/www.mindsession.com\/wp-content\/uploads\/2025\/01\/3-Mindsession_Logo_Icon-with-Name-Teal.png","contentUrl":"https:\/\/www.mindsession.com\/wp-content\/uploads\/2025\/01\/3-Mindsession_Logo_Icon-with-Name-Teal.png","width":12088,"height":4452,"caption":"Mindsession Intercultural Psychology"},"image":{"@id":"https:\/\/www.mindsession.com\/en\/#\/schema\/logo\/image\/"},"sameAs":["https:\/\/www.facebook.com\/MindSessionPsy\/","https:\/\/www.instagram.com\/mindsession\/","https:\/\/www.linkedin.com\/company\/mindsession-psychology\/?viewAsMember=true"]}]}},"_links":{"self":[{"href":"https:\/\/www.mindsession.com\/fr\/wp-json\/wp\/v2\/pages\/1013","targetHints":{"allow":["GET"]}}],"collection":[{"href":"https:\/\/www.mindsession.com\/fr\/wp-json\/wp\/v2\/pages"}],"about":[{"href":"https:\/\/www.mindsession.com\/fr\/wp-json\/wp\/v2\/types\/page"}],"author":[{"embeddable":true,"href":"https:\/\/www.mindsession.com\/fr\/wp-json\/wp\/v2\/users\/1"}],"replies":[{"embeddable":true,"href":"https:\/\/www.mindsession.com\/fr\/wp-json\/wp\/v2\/comments?post=1013"}],"version-history":[{"count":10,"href":"https:\/\/www.mindsession.com\/fr\/wp-json\/wp\/v2\/pages\/1013\/revisions"}],"predecessor-version":[{"id":2028,"href":"https:\/\/www.mindsession.com\/fr\/wp-json\/wp\/v2\/pages\/1013\/revisions\/2028"}],"up":[{"embeddable":true,"href":"https:\/\/www.mindsession.com\/fr\/wp-json\/wp\/v2\/pages\/653"}],"wp:attachment":[{"href":"https:\/\/www.mindsession.com\/fr\/wp-json\/wp\/v2\/media?parent=1013"}],"curies":[{"name":"wp","href":"https:\/\/api.w.org\/{rel}","templated":true}]}}