{"id":1036,"date":"2025-01-08T00:05:29","date_gmt":"2025-01-08T00:05:29","guid":{"rendered":"https:\/\/mindsession.com\/?page_id=1036"},"modified":"2025-09-10T17:29:45","modified_gmt":"2025-09-10T17:29:45","slug":"margot-hovey","status":"publish","type":"page","link":"https:\/\/www.mindsession.com\/fr\/about-mindsession-intercultural-psychology\/our-team\/margot-hovey\/","title":{"rendered":"Margot Hovey"},"content":{"rendered":"<div class=\"wp-block-stackable-button-group stk-block-button-group stk-block stk-ef6b7e5\" data-block-id=\"ef6b7e5\"><style>.stk-ef6b7e5 .stk-block-button, .stk-ef6b7e5 .stk-block-icon-button{flex:1 0 0% !important;}<\/style><div class=\"stk-row stk-inner-blocks stk-block-content stk-button-group\">\n<div class=\"wp-block-stackable-button stk-block-button is-style-link stk-block stk-c7bb58d\" data-block-id=\"c7bb58d\"><style>.stk-c7bb58d .stk-button:before{box-shadow:0 0 0 1px #7878781a !important;border-color:var(--stk-global-color-92563, #437d83) !important;border-top-width:0px !important;border-right-width:0px !important;border-bottom-width:0px !important;border-left-width:0px !important;}.stk-c7bb58d .stk-button .stk--inner-svg svg:last-child{margin-inline-end:9px !important;}.stk-c7bb58d .stk-button .stk--inner-svg svg:last-child, .stk-c7bb58d .stk-button .stk--inner-svg svg:last-child :is(g, path, rect, polygon, ellipse){fill:var(--stk-global-color-92563, #437d83) !important;}<\/style><a class=\"stk-link stk-button stk--hover-effect-darken\" href=\"https:\/\/www.mindsession.com\/fr\/about\/our-team\/\"><span class=\"stk--svg-wrapper\"><div class=\"stk--inner-svg\"><svg xmlns=\"http:\/\/www.w3.org\/2000\/svg\" viewbox=\"0 0 448 512\" aria-hidden=\"true\" width=\"32\" height=\"32\"><path d=\"M9.4 233.4c-12.5 12.5-12.5 32.8 0 45.3l160 160c12.5 12.5 32.8 12.5 45.3 0s12.5-32.8 0-45.3L109.2 288 416 288c17.7 0 32-14.3 32-32s-14.3-32-32-32l-306.7 0L214.6 118.6c12.5-12.5 12.5-32.8 0-45.3s-32.8-12.5-45.3 0l-160 160z\"><\/path><\/svg><\/div><\/span><span class=\"stk-button__inner-text\">Retour \u00e0 l&#039;\u00e9quipe<\/span><\/a><\/div>\n<\/div><\/div>\n\n\n\n<div class=\"wp-block-stackable-columns alignfull stk-block-columns stk-block stk-e248581 stk-block-background\" data-block-id=\"e248581\"><style>.stk-e248581 {padding-top:80px !important;padding-bottom:80px !important;}<\/style><div class=\"stk-row stk-inner-blocks stk-block-content stk-content-align stk-e248581-column alignwide\">\n<div class=\"wp-block-stackable-column stk-block-column stk-column stk-block stk-c734a09\" data-v=\"4\" data-block-id=\"c734a09\"><div class=\"stk-column-wrapper stk-block-column__content stk-container stk-c734a09-container stk--no-background stk--no-padding\"><div class=\"stk-block-content stk-inner-blocks stk-c734a09-inner-blocks\">\n<div class=\"wp-block-stackable-columns stk-block-columns stk-block stk-5af4e55\" data-block-id=\"5af4e55\"><style>.stk-5af4e55 {margin-bottom:48px !important;}.stk-5af4e55-column{--stk-column-gap:64px !important;row-gap:32px !important;}<\/style><div class=\"stk-row stk-inner-blocks stk-block-content stk-content-align stk-5af4e55-column\">\n<div class=\"wp-block-stackable-column stk-block-column stk-column stk-block stk-0c340e1\" data-v=\"4\" data-block-id=\"0c340e1\"><style>.stk-0c340e1-container{margin-top:0px !important;margin-right:0px !important;margin-bottom:0px !important;margin-left:0px !important;display:flex !important;}.stk-0c340e1-inner-blocks{justify-content:center !important;}@media screen and (min-width:690px) and (max-width:999px){.stk-0c340e1 {flex:var(--stk-flex-grow, 1) 1 calc(100% - var(--stk-column-gap, 0px) * 0 \/ 1 ) !important;}}<\/style><div class=\"stk-column-wrapper stk-block-column__content stk-container stk-0c340e1-container stk--no-background stk--no-padding\"><div class=\"stk-block-content stk-inner-blocks stk-0c340e1-inner-blocks\">\n<div class=\"wp-block-stackable-heading stk-block-heading stk-block-heading--v2 stk-block stk-a61a42e\" id=\"a-margot-hovey-a\" data-block-id=\"a61a42e\"><h1 class=\"stk-block-heading__text\"><a>Margot Hovey<\/a><\/h1><\/div>\n\n\n\n<div class=\"wp-block-stackable-heading stk-block-heading stk-block-heading--v2 stk-block stk-9e87d4e\" id=\"counselling-intern\" data-block-id=\"9e87d4e\"><style>.stk-9e87d4e .stk-block-heading__text{color:var(--stk-global-color-70103, #025159) !important;}<\/style><h4 class=\"stk-block-heading__text has-text-color\">Stagiaire en conseil<\/h4><\/div>\n\n\n\n<div class=\"wp-block-stackable-icon stk-block-icon has-text-align-center-tablet stk-block stk-79a980d\" data-block-id=\"79a980d\"><span class=\"stk--svg-wrapper\"><div class=\"stk--inner-svg\"><svg style=\"height:0;width:0\"><defs><lineargradient id=\"linear-gradient-79a980d\" x1=\"0\" x2=\"100%\" y1=\"0\" y2=\"0\"><stop offset=\"0%\" style=\"stop-opacity:1;stop-color:var(--linear-gradient-79-a-980-d-color-1)\"><\/stop><stop offset=\"100%\" style=\"stop-opacity:1;stop-color:var(--linear-gradient-79-a-980-d-color-2)\"><\/stop><\/lineargradient><\/defs><\/svg><svg aria-hidden=\"true\" data-prefix=\"fas\" data-icon=\"quote-right\" class=\"svg-inline--fa fa-quote-right fa-w-16\" xmlns=\"http:\/\/www.w3.org\/2000\/svg\" viewbox=\"0 0 512 512\" width=\"32\" height=\"32\"><path fill=\"currentColor\" d=\"M464 32H336c-26.5 0-48 21.5-48 48v128c0 26.5 21.5 48 48 48h80v64c0 35.3-28.7 64-64 64h-8c-13.3 0-24 10.7-24 24v48c0 13.3 10.7 24 24 24h8c88.4 0 160-71.6 160-160V80c0-26.5-21.5-48-48-48zm-288 0H48C21.5 32 0 53.5 0 80v128c0 26.5 21.5 48 48 48h80v64c0 35.3-28.7 64-64 64h-8c-13.3 0-24 10.7-24 24v48c0 13.3 10.7 24 24 24h8c88.4 0 160-71.6 160-160V80c0-26.5-21.5-48-48-48z\"><\/path><\/svg><\/div><\/span><\/div>\n\n\n\n<p data-block-type=\"core\"><em>Besoin de parler \u00e0 quelqu&#039;un en qui vous avez confiance ?<\/em> <\/p>\n\n\n\n<p data-block-type=\"core\">Je suis pr\u00eate \u00e0 aider les adultes confront\u00e9s \u00e0 une grande vari\u00e9t\u00e9 de d\u00e9fis \u00e9motionnels, relationnels et personnels. Nous collaborerons pour r\u00e9duire votre souffrance gr\u00e2ce \u00e0 une approche th\u00e9rapeutique int\u00e9grative et culturellement sensible. Ensemble, nous d\u00e9velopperons votre capacit\u00e9 \u00e0 d\u00e9couvrir de nouvelles fa\u00e7ons de r\u00e9agir aux exp\u00e9riences qui vous touchent profond\u00e9ment. Ma formation m&#039;a permis de cr\u00e9er des espaces s\u00fbrs, inclusifs et tol\u00e9rants. Nous cultiverons un lien de confiance et co-cr\u00e9erons un plan de traitement adapt\u00e9 \u00e0 vos besoins et \u00e0 vos objectifs.<\/p>\n\n\n\n<div class=\"wp-block-stackable-heading stk-block-heading stk-block-heading--v2 stk-block stk-1a5b2d6\" id=\"formation-et-parcours-professionnelle\" data-block-id=\"1a5b2d6\"><h5 class=\"stk-block-heading__text\">Formation et qualifications <\/h5><\/div>\n\n\n\n<p data-block-type=\"core\">Richard\u00a0<em>McConomy : Certificat de m\u00e9diation civile et commerciale : 2012<\/em> <em>\u2022 <\/em>Veritas : Certification en facilitation culturelle et \u00e9valuation culturelle : 2023 <em>\u2022 <\/em>Institut californien d&#039;\u00e9tudes int\u00e9grales\u00a0: Ph.D. \u00c9tudes int\u00e9grales\u00a0: 1997-2003 <em>\u2022 <\/em>Universit\u00e9 Yorkville\u00a0: Ma\u00eetrise \u00e8s arts en psychologie du conseil\u00a0: en cours<\/p>\n\n\n\n<h5 class=\"wp-block-heading\" id=\"expertise-and-causes-i-care-about\" data-block-type=\"core\">Expertise et causes qui me tiennent \u00e0 c\u0153ur<\/h5>\n\n\n\n<p data-block-type=\"core\"><em>Expertise : Anxi\u00e9t\u00e9 et d\u00e9pression \u2022 Probl\u00e8mes relationnels \u2022 Traumatismes et TSPT \u2022 Douleur chronique \u2022 Transitions de vie \u2022 Coaching de carri\u00e8re \u2022 Sommeil ou insomnie \u2022 Probl\u00e8mes existentiels || Causes : Partenariat autochtone \u2022 Familles multiraciales \u2022 Cr\u00e9atifs \u2022 Chercheurs \u2022 Secours humanitaire et en cas de catastrophe \u2022 Interd\u00e9pendance mondiale \u2022 \u00c9ducation \u2022 Sant\u00e9 \u2022 Droits de l&#039;homme \u2022 Lutte contre la pauvret\u00e9<\/em><\/p>\n\n\n\n<h5 class=\"wp-block-heading\" id=\"approach\" data-block-type=\"core\">Approche<\/h5>\n\n\n\n<p data-block-type=\"core\"><em>Approche int\u00e9grative \u2022 Th\u00e9rapie psychodynamique \u2022 Humaniste\/existentielle \u2022 Th\u00e9rapie cognitivo-comportementale (TCC) \u2022 Th\u00e9rapie d&#039;acceptation et d&#039;engagement (ACT) et pratiques de pleine conscience<\/em><\/p>\n\n\n\n<div class=\"wp-block-stackable-button-group stk-block-button-group stk-block stk-257b62c\" data-block-id=\"257b62c\"><style>.stk-257b62c {margin-bottom:40px !important;}.stk-257b62c .stk-inner-blocks{column-gap:8px !important;}<\/style><div class=\"stk-row stk-inner-blocks stk-block-content stk-button-group\">\n<div class=\"wp-block-stackable-button stk-block-button stk-block stk-75bc3e8\" data-block-id=\"75bc3e8\"><style>.stk-75bc3e8 .stk-button{background:var(--stk-global-color-92563, #437d83) !important;}.stk-75bc3e8 .stk-button:before{box-shadow:0 0 0 1px #7878781a !important;border-color:var(--stk-global-color-92563, #437d83) !important;border-top-width:0px !important;border-right-width:0px !important;border-bottom-width:0px !important;border-left-width:0px !important;}.stk-75bc3e8 .stk-button .stk--inner-svg svg:last-child{margin-inline-end:0px !important;}.stk-75bc3e8 .stk-button__inner-text{color:var(--stk-global-color-534, #ffffff) !important;}<\/style><a class=\"stk-link stk-button stk--hover-effect-darken\" href=\"\"><span class=\"has-text-color stk-button__inner-text\">R\u00e9server une s\u00e9ance<\/span><\/a><\/div>\n\n\n\n<div class=\"wp-block-stackable-button stk-block-button stk-block stk-86896d3\" data-block-id=\"86896d3\"><style>.stk-86896d3 .stk-button{background:transparent !important;}.stk-86896d3 .stk-button:hover:after{background:transparent !important;opacity:1 !important;}:where(.stk-hover-parent:hover,  .stk-hover-parent.stk--is-hovered) .stk-86896d3 .stk-button:after{background:transparent !important;opacity:1 !important;}.stk-86896d3 .stk-button:before{box-shadow:0 0 0 1px #7878781a !important;border-style:solid !important;border-color:var(--stk-global-color-92563, #437d83) !important;border-top-width:0px !important;border-right-width:0px !important;border-bottom-width:0px !important;border-left-width:0px !important;}.stk-86896d3 .stk-button .stk--inner-svg svg:last-child{margin-inline-end:0px !important;}.stk-86896d3 .stk-button .stk--inner-svg svg:last-child, .stk-86896d3 .stk-button .stk--inner-svg svg:last-child :is(g, path, rect, polygon, ellipse){fill:var(--stk-global-color-92563, #437d83) !important;}.stk-86896d3 .stk-button__inner-text{color:var(--stk-global-color-92563, #437d83) !important;}<\/style><a class=\"stk-link stk-button stk--hover-effect-darken\" href=\"\"><span class=\"has-text-color stk-button__inner-text\">Appelez-nous<\/span><\/a><\/div>\n<\/div><\/div>\n<\/div><\/div><\/div>\n\n\n\n<div class=\"wp-block-stackable-column stk-block-column stk-column stk-block stk-e76e4a4\" data-v=\"4\" data-block-id=\"e76e4a4\"><style>.stk-e76e4a4-container{margin-top:0px !important;margin-right:0px !important;margin-bottom:0px !important;margin-left:0px !important;}@media screen and (min-width:690px) and (max-width:999px){.stk-e76e4a4 {flex:var(--stk-flex-grow, 1) 1 calc(100% - var(--stk-column-gap, 0px) * 0 \/ 1 ) !important;}}<\/style><div class=\"stk-column-wrapper stk-block-column__content stk-container stk-e76e4a4-container stk--no-background stk--no-padding\"><div class=\"stk-block-content stk-inner-blocks stk-e76e4a4-inner-blocks\">\n<div class=\"wp-block-stackable-image stk-block-image stk-block stk-508cf88\" data-block-id=\"508cf88\"><style>.stk-508cf88 .stk-img-wrapper{height:600px !important;}<\/style><figure><span class=\"stk-img-wrapper stk-image--shape-stretch\"><img loading=\"lazy\" decoding=\"async\" class=\"stk-img wp-image-2299\" src=\"https:\/\/www.mindsession.com\/wp-content\/uploads\/2025\/09\/unnamed-3.jpg\" width=\"953\" height=\"1438\" srcset=\"https:\/\/www.mindsession.com\/wp-content\/uploads\/2025\/09\/unnamed-3.jpg 953w, https:\/\/www.mindsession.com\/wp-content\/uploads\/2025\/09\/unnamed-3-199x300.jpg 199w, https:\/\/www.mindsession.com\/wp-content\/uploads\/2025\/09\/unnamed-3-679x1024.jpg 679w, https:\/\/www.mindsession.com\/wp-content\/uploads\/2025\/09\/unnamed-3-768x1159.jpg 768w, https:\/\/www.mindsession.com\/wp-content\/uploads\/2025\/09\/unnamed-3-8x12.jpg 8w\" sizes=\"auto, (max-width: 953px) 100vw, 953px\" \/><\/span><\/figure><\/div>\n\n\n\n<p data-block-type=\"core\"><br>Margot Hovey est conseill\u00e8re stagiaire et exp\u00e9riment\u00e9e aupr\u00e8s des adultes (jeunes et plus \u00e2g\u00e9s). Elle accompagne ses clients pour r\u00e9duire leurs souffrances gr\u00e2ce \u00e0 une approche th\u00e9rapeutique int\u00e9grative et culturellement sensible. Forte d&#039;une formation en \u00e9tudes int\u00e9grales et en psychologie du conseil, elle int\u00e8gre les perspectives corps-esprit pour aider ses clients \u00e0 d\u00e9velopper leur capacit\u00e9 \u00e0 r\u00e9pondre aux d\u00e9fis \u00e9motionnels, relationnels et personnels les plus vari\u00e9s.<br><\/p>\n\n\n\n<p data-block-type=\"core\">Client\u00e8le : Adultes<br>Dipl\u00f4me : Ma\u00eetrise \u00e8s arts - Psychologie du conseil (en cours)<\/p>\n\n\n\n<p data-block-type=\"core\">Permis : Travailler sous la supervision du Dr Ana Elena Martinez Godinez, psychologue agr\u00e9\u00e9e <br>Langues : Anglais&nbsp;<\/p>\n\n\n\n<p data-block-type=\"core\">&nbsp;<\/p>\n\n\n\n<p data-block-type=\"core\"><\/p>\n<\/div><\/div><\/div>\n<\/div><\/div>\n<\/div><\/div><\/div>\n<\/div><\/div>","protected":false},"excerpt":{"rendered":"<p>Back to team Margot Hovey Counselling intern Needing to talk with someone you can trust? I am poised to help adults with a wide variety of life emotional, relational and personal challenges. We\u2019ll collaborate towards reducing your suffering though an integrative and culturally sensitive approach to therapy. Together we will cultivate your power to discover [&hellip;]<\/p>\n","protected":false},"author":1,"featured_media":0,"parent":653,"menu_order":0,"comment_status":"closed","ping_status":"closed","template":"","meta":{"_gspb_post_css":"","footnotes":""},"class_list":["post-1036","page","type-page","status-publish","hentry"],"blocksy_meta":[],"yoast_head":"<!-- This site is optimized with the Yoast SEO plugin v27.4 - https:\/\/yoast.com\/product\/yoast-seo-wordpress\/ -->\n<title>Margot Hovey - Mindsession Intercultural Psychology<\/title>\n<meta name=\"robots\" content=\"index, follow, max-snippet:-1, max-image-preview:large, max-video-preview:-1\" \/>\n<link rel=\"canonical\" href=\"https:\/\/www.mindsession.com\/fr\/about-mindsession-intercultural-psychology\/our-team\/margot-hovey\/\" \/>\n<meta property=\"og:locale\" content=\"fr_CA\" \/>\n<meta property=\"og:type\" content=\"article\" \/>\n<meta property=\"og:title\" content=\"Margot Hovey - Mindsession Intercultural Psychology\" \/>\n<meta property=\"og:description\" content=\"Back to team Margot Hovey Counselling intern Needing to talk with someone you can trust? I am poised to help adults with a wide variety of life emotional, relational and personal challenges. We\u2019ll collaborate towards reducing your suffering though an integrative and culturally sensitive approach to therapy. Together we will cultivate your power to discover [&hellip;]\" \/>\n<meta property=\"og:url\" content=\"https:\/\/www.mindsession.com\/fr\/about-mindsession-intercultural-psychology\/our-team\/margot-hovey\/\" \/>\n<meta property=\"og:site_name\" content=\"Mindsession Intercultural Psychology\" \/>\n<meta property=\"article:publisher\" content=\"https:\/\/www.facebook.com\/MindSessionPsy\/\" \/>\n<meta property=\"article:modified_time\" content=\"2025-09-10T17:29:45+00:00\" \/>\n<meta property=\"og:image\" content=\"https:\/\/www.mindsession.com\/wp-content\/uploads\/2025\/09\/unnamed-3.jpg\" \/>\n\t<meta property=\"og:image:width\" content=\"953\" \/>\n\t<meta property=\"og:image:height\" content=\"1438\" \/>\n\t<meta property=\"og:image:type\" content=\"image\/jpeg\" \/>\n<meta name=\"twitter:card\" content=\"summary_large_image\" \/>\n<meta name=\"twitter:label1\" content=\"Estimation du temps de lecture\" \/>\n\t<meta name=\"twitter:data1\" content=\"2 minutes\" \/>\n<script type=\"application\/ld+json\" class=\"yoast-schema-graph\">{\"@context\":\"https:\\\/\\\/schema.org\",\"@graph\":[{\"@type\":\"WebPage\",\"@id\":\"https:\\\/\\\/www.mindsession.com\\\/about-mindsession-intercultural-psychology\\\/our-team\\\/margot-hovey\\\/\",\"url\":\"https:\\\/\\\/www.mindsession.com\\\/about-mindsession-intercultural-psychology\\\/our-team\\\/margot-hovey\\\/\",\"name\":\"Margot Hovey - Mindsession Intercultural Psychology\",\"isPartOf\":{\"@id\":\"https:\\\/\\\/www.mindsession.com\\\/en\\\/#website\"},\"primaryImageOfPage\":{\"@id\":\"https:\\\/\\\/www.mindsession.com\\\/about-mindsession-intercultural-psychology\\\/our-team\\\/margot-hovey\\\/#primaryimage\"},\"image\":{\"@id\":\"https:\\\/\\\/www.mindsession.com\\\/about-mindsession-intercultural-psychology\\\/our-team\\\/margot-hovey\\\/#primaryimage\"},\"thumbnailUrl\":\"https:\\\/\\\/www.mindsession.com\\\/wp-content\\\/uploads\\\/2025\\\/09\\\/unnamed-3.jpg\",\"datePublished\":\"2025-01-08T00:05:29+00:00\",\"dateModified\":\"2025-09-10T17:29:45+00:00\",\"breadcrumb\":{\"@id\":\"https:\\\/\\\/www.mindsession.com\\\/about-mindsession-intercultural-psychology\\\/our-team\\\/margot-hovey\\\/#breadcrumb\"},\"inLanguage\":\"fr-CA\",\"potentialAction\":[{\"@type\":\"ReadAction\",\"target\":[\"https:\\\/\\\/www.mindsession.com\\\/about-mindsession-intercultural-psychology\\\/our-team\\\/margot-hovey\\\/\"]}]},{\"@type\":\"ImageObject\",\"inLanguage\":\"fr-CA\",\"@id\":\"https:\\\/\\\/www.mindsession.com\\\/about-mindsession-intercultural-psychology\\\/our-team\\\/margot-hovey\\\/#primaryimage\",\"url\":\"https:\\\/\\\/www.mindsession.com\\\/wp-content\\\/uploads\\\/2025\\\/09\\\/unnamed-3.jpg\",\"contentUrl\":\"https:\\\/\\\/www.mindsession.com\\\/wp-content\\\/uploads\\\/2025\\\/09\\\/unnamed-3.jpg\"},{\"@type\":\"BreadcrumbList\",\"@id\":\"https:\\\/\\\/www.mindsession.com\\\/about-mindsession-intercultural-psychology\\\/our-team\\\/margot-hovey\\\/#breadcrumb\",\"itemListElement\":[{\"@type\":\"ListItem\",\"position\":1,\"name\":\"Home\",\"item\":\"https:\\\/\\\/www.mindsession.com\\\/\"},{\"@type\":\"ListItem\",\"position\":2,\"name\":\"About\",\"item\":\"https:\\\/\\\/www.mindsession.com\\\/about-mindsession-intercultural-psychology\\\/\"},{\"@type\":\"ListItem\",\"position\":3,\"name\":\"Our Team\",\"item\":\"https:\\\/\\\/www.mindsession.com\\\/about-mindsession-intercultural-psychology\\\/our-team\\\/\"},{\"@type\":\"ListItem\",\"position\":4,\"name\":\"Margot Hovey\"}]},{\"@type\":\"WebSite\",\"@id\":\"https:\\\/\\\/www.mindsession.com\\\/en\\\/#website\",\"url\":\"https:\\\/\\\/www.mindsession.com\\\/en\\\/\",\"name\":\"Mindsession Intercultural Psychology\",\"description\":\"A mental health clinic specializing in Intercultural Psychology, serving Montreal&#039;s diverse communities.\",\"publisher\":{\"@id\":\"https:\\\/\\\/www.mindsession.com\\\/en\\\/#organization\"},\"potentialAction\":[{\"@type\":\"SearchAction\",\"target\":{\"@type\":\"EntryPoint\",\"urlTemplate\":\"https:\\\/\\\/www.mindsession.com\\\/en\\\/?s={search_term_string}\"},\"query-input\":{\"@type\":\"PropertyValueSpecification\",\"valueRequired\":true,\"valueName\":\"search_term_string\"}}],\"inLanguage\":\"fr-CA\"},{\"@type\":\"Organization\",\"@id\":\"https:\\\/\\\/www.mindsession.com\\\/en\\\/#organization\",\"name\":\"Mindsession Intercultural Psychology\",\"url\":\"https:\\\/\\\/www.mindsession.com\\\/en\\\/\",\"logo\":{\"@type\":\"ImageObject\",\"inLanguage\":\"fr-CA\",\"@id\":\"https:\\\/\\\/www.mindsession.com\\\/en\\\/#\\\/schema\\\/logo\\\/image\\\/\",\"url\":\"https:\\\/\\\/www.mindsession.com\\\/wp-content\\\/uploads\\\/2025\\\/01\\\/3-Mindsession_Logo_Icon-with-Name-Teal.png\",\"contentUrl\":\"https:\\\/\\\/www.mindsession.com\\\/wp-content\\\/uploads\\\/2025\\\/01\\\/3-Mindsession_Logo_Icon-with-Name-Teal.png\",\"width\":12088,\"height\":4452,\"caption\":\"Mindsession Intercultural Psychology\"},\"image\":{\"@id\":\"https:\\\/\\\/www.mindsession.com\\\/en\\\/#\\\/schema\\\/logo\\\/image\\\/\"},\"sameAs\":[\"https:\\\/\\\/www.facebook.com\\\/MindSessionPsy\\\/\",\"https:\\\/\\\/www.instagram.com\\\/mindsession\\\/\",\"https:\\\/\\\/www.linkedin.com\\\/company\\\/mindsession-psychology\\\/?viewAsMember=true\"]}]}<\/script>\n<!-- \/ Yoast SEO plugin. -->","yoast_head_json":{"title":"Margot Hovey - Mindsession Psychologie interculturelle","robots":{"index":"index","follow":"follow","max-snippet":"max-snippet:-1","max-image-preview":"max-image-preview:large","max-video-preview":"max-video-preview:-1"},"canonical":"https:\/\/www.mindsession.com\/fr\/about-mindsession-intercultural-psychology\/our-team\/margot-hovey\/","og_locale":"fr_CA","og_type":"article","og_title":"Margot Hovey - Mindsession Intercultural Psychology","og_description":"Back to team Margot Hovey Counselling intern Needing to talk with someone you can trust? I am poised to help adults with a wide variety of life emotional, relational and personal challenges. We\u2019ll collaborate towards reducing your suffering though an integrative and culturally sensitive approach to therapy. Together we will cultivate your power to discover [&hellip;]","og_url":"https:\/\/www.mindsession.com\/fr\/about-mindsession-intercultural-psychology\/our-team\/margot-hovey\/","og_site_name":"Mindsession Intercultural Psychology","article_publisher":"https:\/\/www.facebook.com\/MindSessionPsy\/","article_modified_time":"2025-09-10T17:29:45+00:00","og_image":[{"width":953,"height":1438,"url":"https:\/\/www.mindsession.com\/wp-content\/uploads\/2025\/09\/unnamed-3.jpg","type":"image\/jpeg"}],"twitter_card":"summary_large_image","twitter_misc":{"Estimation du temps de lecture":"2 minutes"},"schema":{"@context":"https:\/\/schema.org","@graph":[{"@type":"WebPage","@id":"https:\/\/www.mindsession.com\/about-mindsession-intercultural-psychology\/our-team\/margot-hovey\/","url":"https:\/\/www.mindsession.com\/about-mindsession-intercultural-psychology\/our-team\/margot-hovey\/","name":"Margot Hovey - Mindsession Psychologie interculturelle","isPartOf":{"@id":"https:\/\/www.mindsession.com\/en\/#website"},"primaryImageOfPage":{"@id":"https:\/\/www.mindsession.com\/about-mindsession-intercultural-psychology\/our-team\/margot-hovey\/#primaryimage"},"image":{"@id":"https:\/\/www.mindsession.com\/about-mindsession-intercultural-psychology\/our-team\/margot-hovey\/#primaryimage"},"thumbnailUrl":"https:\/\/www.mindsession.com\/wp-content\/uploads\/2025\/09\/unnamed-3.jpg","datePublished":"2025-01-08T00:05:29+00:00","dateModified":"2025-09-10T17:29:45+00:00","breadcrumb":{"@id":"https:\/\/www.mindsession.com\/about-mindsession-intercultural-psychology\/our-team\/margot-hovey\/#breadcrumb"},"inLanguage":"fr-CA","potentialAction":[{"@type":"ReadAction","target":["https:\/\/www.mindsession.com\/about-mindsession-intercultural-psychology\/our-team\/margot-hovey\/"]}]},{"@type":"ImageObject","inLanguage":"fr-CA","@id":"https:\/\/www.mindsession.com\/about-mindsession-intercultural-psychology\/our-team\/margot-hovey\/#primaryimage","url":"https:\/\/www.mindsession.com\/wp-content\/uploads\/2025\/09\/unnamed-3.jpg","contentUrl":"https:\/\/www.mindsession.com\/wp-content\/uploads\/2025\/09\/unnamed-3.jpg"},{"@type":"BreadcrumbList","@id":"https:\/\/www.mindsession.com\/about-mindsession-intercultural-psychology\/our-team\/margot-hovey\/#breadcrumb","itemListElement":[{"@type":"ListItem","position":1,"name":"Home","item":"https:\/\/www.mindsession.com\/"},{"@type":"ListItem","position":2,"name":"About","item":"https:\/\/www.mindsession.com\/about-mindsession-intercultural-psychology\/"},{"@type":"ListItem","position":3,"name":"Our Team","item":"https:\/\/www.mindsession.com\/about-mindsession-intercultural-psychology\/our-team\/"},{"@type":"ListItem","position":4,"name":"Margot Hovey"}]},{"@type":"WebSite","@id":"https:\/\/www.mindsession.com\/en\/#website","url":"https:\/\/www.mindsession.com\/en\/","name":"Mindsession Psychologie interculturelle","description":"Une clinique de sant\u00e9 mentale sp\u00e9cialis\u00e9e en psychologie interculturelle, au service des diverses communaut\u00e9s de Montr\u00e9al.","publisher":{"@id":"https:\/\/www.mindsession.com\/en\/#organization"},"potentialAction":[{"@type":"SearchAction","target":{"@type":"EntryPoint","urlTemplate":"https:\/\/www.mindsession.com\/en\/?s={search_term_string}"},"query-input":{"@type":"PropertyValueSpecification","valueRequired":true,"valueName":"search_term_string"}}],"inLanguage":"fr-CA"},{"@type":"Organization","@id":"https:\/\/www.mindsession.com\/en\/#organization","name":"Mindsession Psychologie interculturelle","url":"https:\/\/www.mindsession.com\/en\/","logo":{"@type":"ImageObject","inLanguage":"fr-CA","@id":"https:\/\/www.mindsession.com\/en\/#\/schema\/logo\/image\/","url":"https:\/\/www.mindsession.com\/wp-content\/uploads\/2025\/01\/3-Mindsession_Logo_Icon-with-Name-Teal.png","contentUrl":"https:\/\/www.mindsession.com\/wp-content\/uploads\/2025\/01\/3-Mindsession_Logo_Icon-with-Name-Teal.png","width":12088,"height":4452,"caption":"Mindsession Intercultural Psychology"},"image":{"@id":"https:\/\/www.mindsession.com\/en\/#\/schema\/logo\/image\/"},"sameAs":["https:\/\/www.facebook.com\/MindSessionPsy\/","https:\/\/www.instagram.com\/mindsession\/","https:\/\/www.linkedin.com\/company\/mindsession-psychology\/?viewAsMember=true"]}]}},"_links":{"self":[{"href":"https:\/\/www.mindsession.com\/fr\/wp-json\/wp\/v2\/pages\/1036","targetHints":{"allow":["GET"]}}],"collection":[{"href":"https:\/\/www.mindsession.com\/fr\/wp-json\/wp\/v2\/pages"}],"about":[{"href":"https:\/\/www.mindsession.com\/fr\/wp-json\/wp\/v2\/types\/page"}],"author":[{"embeddable":true,"href":"https:\/\/www.mindsession.com\/fr\/wp-json\/wp\/v2\/users\/1"}],"replies":[{"embeddable":true,"href":"https:\/\/www.mindsession.com\/fr\/wp-json\/wp\/v2\/comments?post=1036"}],"version-history":[{"count":7,"href":"https:\/\/www.mindsession.com\/fr\/wp-json\/wp\/v2\/pages\/1036\/revisions"}],"predecessor-version":[{"id":2574,"href":"https:\/\/www.mindsession.com\/fr\/wp-json\/wp\/v2\/pages\/1036\/revisions\/2574"}],"up":[{"embeddable":true,"href":"https:\/\/www.mindsession.com\/fr\/wp-json\/wp\/v2\/pages\/653"}],"wp:attachment":[{"href":"https:\/\/www.mindsession.com\/fr\/wp-json\/wp\/v2\/media?parent=1036"}],"curies":[{"name":"wp","href":"https:\/\/api.w.org\/{rel}","templated":true}]}}