{"id":1574,"date":"2025-01-10T03:01:56","date_gmt":"2025-01-10T03:01:56","guid":{"rendered":"https:\/\/mindsession.com\/?page_id=1574"},"modified":"2025-09-22T19:03:26","modified_gmt":"2025-09-22T19:03:26","slug":"emily-carrese-chacra","status":"publish","type":"page","link":"https:\/\/www.mindsession.com\/fr\/about-mindsession-intercultural-psychology\/our-team\/emily-carrese-chacra\/","title":{"rendered":"Emily Carrese-Chacra"},"content":{"rendered":"<div class=\"wp-block-stackable-button-group stk-block-button-group stk-block stk-ef6b7e5\" data-block-id=\"ef6b7e5\"><style>.stk-ef6b7e5 .stk-block-button, .stk-ef6b7e5 .stk-block-icon-button{flex:1 0 0% !important;}<\/style><div class=\"stk-row stk-inner-blocks stk-block-content stk-button-group\">\n<div class=\"wp-block-stackable-button stk-block-button is-style-link stk-block stk-c7bb58d\" data-block-id=\"c7bb58d\"><style>.stk-c7bb58d .stk-button:before{box-shadow:0 0 0 1px #7878781a !important;border-color:var(--stk-global-color-92563, #437d83) !important;border-top-width:0px !important;border-right-width:0px !important;border-bottom-width:0px !important;border-left-width:0px !important;}.stk-c7bb58d .stk-button .stk--inner-svg svg:last-child{margin-inline-end:9px !important;}.stk-c7bb58d .stk-button .stk--inner-svg svg:last-child, .stk-c7bb58d .stk-button .stk--inner-svg svg:last-child :is(g, path, rect, polygon, ellipse){fill:var(--stk-global-color-92563, #437d83) !important;}<\/style><a class=\"stk-link stk-button stk--hover-effect-darken\" href=\"https:\/\/www.mindsession.com\/fr\/about\/our-team\/\"><span class=\"stk--svg-wrapper\"><div class=\"stk--inner-svg\"><svg xmlns=\"http:\/\/www.w3.org\/2000\/svg\" viewbox=\"0 0 448 512\" aria-hidden=\"true\" width=\"32\" height=\"32\"><path d=\"M9.4 233.4c-12.5 12.5-12.5 32.8 0 45.3l160 160c12.5 12.5 32.8 12.5 45.3 0s12.5-32.8 0-45.3L109.2 288 416 288c17.7 0 32-14.3 32-32s-14.3-32-32-32l-306.7 0L214.6 118.6c12.5-12.5 12.5-32.8 0-45.3s-32.8-12.5-45.3 0l-160 160z\"><\/path><\/svg><\/div><\/span><span class=\"stk-button__inner-text\">Retour \u00e0 l&#039;\u00e9quipe<\/span><\/a><\/div>\n<\/div><\/div>\n\n\n\n<div class=\"wp-block-stackable-columns alignfull stk-block-columns stk-block stk-e248581 stk-block-background\" data-block-id=\"e248581\"><style>.stk-e248581 {padding-top:80px !important;padding-bottom:80px !important;}<\/style><div class=\"stk-row stk-inner-blocks stk-block-content stk-content-align stk-e248581-column alignwide\">\n<div class=\"wp-block-stackable-column stk-block-column stk-column stk-block stk-c734a09\" data-v=\"4\" data-block-id=\"c734a09\"><div class=\"stk-column-wrapper stk-block-column__content stk-container stk-c734a09-container stk--no-background stk--no-padding\"><div class=\"stk-block-content stk-inner-blocks stk-c734a09-inner-blocks\">\n<div class=\"wp-block-stackable-columns stk-block-columns stk-block stk-5af4e55\" data-block-id=\"5af4e55\"><style>.stk-5af4e55 {margin-bottom:48px !important;}.stk-5af4e55-column{--stk-column-gap:64px !important;row-gap:32px !important;}<\/style><div class=\"stk-row stk-inner-blocks stk-block-content stk-content-align stk-5af4e55-column\">\n<div class=\"wp-block-stackable-column stk-block-column stk-column stk-block stk-0c340e1\" data-v=\"4\" data-block-id=\"0c340e1\"><style>.stk-0c340e1-container{margin-top:0px !important;margin-right:0px !important;margin-bottom:0px !important;margin-left:0px !important;display:flex !important;}.stk-0c340e1-inner-blocks{justify-content:center !important;}@media screen and (min-width:690px) and (max-width:999px){.stk-0c340e1 {flex:var(--stk-flex-grow, 1) 1 calc(100% - var(--stk-column-gap, 0px) * 0 \/ 1 ) !important;}}<\/style><div class=\"stk-column-wrapper stk-block-column__content stk-container stk-0c340e1-container stk--no-background stk--no-padding\"><div class=\"stk-block-content stk-inner-blocks stk-0c340e1-inner-blocks\">\n<div class=\"wp-block-stackable-heading stk-block-heading stk-block-heading--v2 stk-block stk-a61a42e\" id=\"emily-carrese-chacra\" data-block-id=\"a61a42e\"><h1 class=\"stk-block-heading__text\">Emily Carrese-Chacra<\/h1><\/div>\n\n\n\n<div class=\"wp-block-stackable-heading stk-block-heading stk-block-heading--v2 stk-block stk-9e87d4e\" id=\"doctoral-candidate-in-psychology\" data-block-id=\"9e87d4e\"><style>.stk-9e87d4e .stk-block-heading__text{color:var(--stk-global-color-70103, #025159) !important;}<\/style><h4 class=\"stk-block-heading__text has-text-color\">Doctorante en psychologie<\/h4><\/div>\n\n\n\n<div class=\"wp-block-stackable-icon stk-block-icon has-text-align-center-tablet stk-block stk-79a980d\" data-block-id=\"79a980d\"><span class=\"stk--svg-wrapper\"><div class=\"stk--inner-svg\"><svg style=\"height:0;width:0\"><defs><lineargradient id=\"linear-gradient-79a980d\" x1=\"0\" x2=\"100%\" y1=\"0\" y2=\"0\"><stop offset=\"0%\" style=\"stop-opacity:1;stop-color:var(--linear-gradient-79-a-980-d-color-1)\"><\/stop><stop offset=\"100%\" style=\"stop-opacity:1;stop-color:var(--linear-gradient-79-a-980-d-color-2)\"><\/stop><\/lineargradient><\/defs><\/svg><svg aria-hidden=\"true\" data-prefix=\"fas\" data-icon=\"quote-right\" class=\"svg-inline--fa fa-quote-right fa-w-16\" xmlns=\"http:\/\/www.w3.org\/2000\/svg\" viewbox=\"0 0 512 512\" width=\"32\" height=\"32\"><path fill=\"currentColor\" d=\"M464 32H336c-26.5 0-48 21.5-48 48v128c0 26.5 21.5 48 48 48h80v64c0 35.3-28.7 64-64 64h-8c-13.3 0-24 10.7-24 24v48c0 13.3 10.7 24 24 24h8c88.4 0 160-71.6 160-160V80c0-26.5-21.5-48-48-48zm-288 0H48C21.5 32 0 53.5 0 80v128c0 26.5 21.5 48 48 48h80v64c0 35.3-28.7 64-64 64h-8c-13.3 0-24 10.7-24 24v48c0 13.3 10.7 24 24 24h8c88.4 0 160-71.6 160-160V80c0-26.5-21.5-48-48-48z\"><\/path><\/svg><\/div><\/span><\/div>\n\n\n\n<p data-block-type=\"core\">Vous rencontrez des difficult\u00e9s li\u00e9es \u00e0 l&#039;anxi\u00e9t\u00e9, \u00e0 la d\u00e9pression, \u00e0 l&#039;estime de soi, au deuil, \u00e0 vos relations et\/ou \u00e0 votre travail que vous souhaitez aborder dans un espace psychoth\u00e9rapeutique sans jugement ? Je peux vous accompagner face aux d\u00e9fis de la vie et vous aider \u00e0 favoriser un meilleur bien-\u00eatre gr\u00e2ce \u00e0 l&#039;exploration de vos \u00e9motions, de vos pens\u00e9es et de vos comportements. Je m&#039;efforce d&#039;y parvenir en offrant un environnement chaleureux, solidaire et empathique pour aider au changement souhait\u00e9. Je travaille avec les adultes de mani\u00e8re centr\u00e9e sur le client, en adaptant mon approche aux besoins individuels. <\/p>\n\n\n\n<p data-block-type=\"core\">Doctorante en psychologie clinique, supervis\u00e9e par la Dre Felicia Kaufman, psychologue agr\u00e9\u00e9e, mon approche est int\u00e9grative. Elle s&#039;appuie sur la th\u00e9rapie d&#039;acceptation et d&#039;engagement, les principes cognitivo-comportementaux et la pleine conscience. Gr\u00e2ce \u00e0 notre relation th\u00e9rapeutique et \u00e0 cette approche int\u00e9grative, je peux vous aider \u00e0 vous sentir mieux pr\u00e9par\u00e9(e) \u00e0 atteindre le bien-\u00eatre, les objectifs personnels, le sens et le but que vous d\u00e9sirez.<\/p>\n\n\n\n<div class=\"wp-block-stackable-heading stk-block-heading stk-block-heading--v2 stk-block stk-04256a6\" id=\"training-and-credentials\" data-block-id=\"04256a6\"><h5 class=\"stk-block-heading__text\">Formation et qualifications<\/h5><\/div>\n\n\n\n<p data-block-type=\"core\">Dipl\u00f4me : Doctorat en psychologie, \u00e9tudiant et ma\u00eetrise en psychologie, dipl\u00f4me d&#039;\u00e9tudes sup\u00e9rieures en psychologie clinique&nbsp;<br>Licence : Doctorante en psychologie exer\u00e7ant sous supervision<br><\/p>\n\n\n\n<div class=\"wp-block-stackable-heading stk-block-heading stk-block-heading--v2 stk-block stk-1a5b2d6\" id=\"formation-et-parcours-professionnelle\" data-block-id=\"1a5b2d6\"><h5 class=\"stk-block-heading__text\">Exp\u00e9rience<\/h5><\/div>\n\n\n\n<div class=\"wp-block-stackable-text stk-block-text stk-block stk-7ced17a\" data-block-id=\"7ced17a\"><p class=\"stk-block-text__text\">Anxi\u00e9t\u00e9 et d\u00e9pression<br>\u2022 Probl\u00e8mes relationnels<br>\u2022 Traumatismes infantiles<br>\u2022 Douleur chronique<br>\u2022 Troubles de l&#039;alimentation<br>\u2022 Sommeil ou insomnie<br>\u2022 Questions existentielles<\/p><\/div>\n\n\n\n<div class=\"wp-block-stackable-heading stk-block-heading stk-block-heading--v2 stk-block stk-959b5b7\" id=\"formation-et-parcours-professionnelle\" data-block-id=\"959b5b7\"><h5 class=\"stk-block-heading__text\">Approche<\/h5><\/div>\n\n\n\n<div class=\"wp-block-stackable-text stk-block-text stk-block stk-9540f2e\" data-block-id=\"9540f2e\"><p class=\"stk-block-text__text\">Approche \u00e9clectique<br>\u2022 Th\u00e9rapie cognitivo-comportementale (TCC)<br>\u2022 Pratiques de pleine conscience<\/p><\/div>\n\n\n\n<div class=\"wp-block-stackable-button-group stk-block-button-group stk-block stk-257b62c\" data-block-id=\"257b62c\"><style>.stk-257b62c {margin-bottom:40px !important;}.stk-257b62c .stk-inner-blocks{column-gap:8px !important;}<\/style><div class=\"stk-row stk-inner-blocks stk-block-content stk-button-group\">\n<div class=\"wp-block-stackable-button stk-block-button stk-block stk-75bc3e8\" data-block-id=\"75bc3e8\"><style>.stk-75bc3e8 .stk-button{background:var(--stk-global-color-92563, #437d83) !important;}.stk-75bc3e8 .stk-button:before{box-shadow:0 0 0 1px #7878781a !important;border-color:var(--stk-global-color-92563, #437d83) !important;border-top-width:0px !important;border-right-width:0px !important;border-bottom-width:0px !important;border-left-width:0px !important;}.stk-75bc3e8 .stk-button .stk--inner-svg svg:last-child{margin-inline-end:0px !important;}.stk-75bc3e8 .stk-button__inner-text{color:var(--stk-global-color-534, #ffffff) !important;}<\/style><a class=\"stk-link stk-button stk--hover-effect-darken\" href=\"\"><span class=\"has-text-color stk-button__inner-text\">R\u00e9server une s\u00e9ance<\/span><\/a><\/div>\n\n\n\n<div class=\"wp-block-stackable-button stk-block-button stk-block stk-86896d3\" data-block-id=\"86896d3\"><style>.stk-86896d3 .stk-button{background:transparent !important;}.stk-86896d3 .stk-button:hover:after{background:transparent !important;opacity:1 !important;}:where(.stk-hover-parent:hover,  .stk-hover-parent.stk--is-hovered) .stk-86896d3 .stk-button:after{background:transparent !important;opacity:1 !important;}.stk-86896d3 .stk-button:before{box-shadow:0 0 0 1px #7878781a !important;border-style:solid !important;border-color:var(--stk-global-color-92563, #437d83) !important;border-top-width:0px !important;border-right-width:0px !important;border-bottom-width:0px !important;border-left-width:0px !important;}.stk-86896d3 .stk-button .stk--inner-svg svg:last-child{margin-inline-end:0px !important;}.stk-86896d3 .stk-button .stk--inner-svg svg:last-child, .stk-86896d3 .stk-button .stk--inner-svg svg:last-child :is(g, path, rect, polygon, ellipse){fill:var(--stk-global-color-92563, #437d83) !important;}.stk-86896d3 .stk-button__inner-text{color:var(--stk-global-color-92563, #437d83) !important;}<\/style><a class=\"stk-link stk-button stk--hover-effect-darken\" href=\"\"><span class=\"has-text-color stk-button__inner-text\">Appelez-nous<\/span><\/a><\/div>\n<\/div><\/div>\n<\/div><\/div><\/div>\n\n\n\n<div class=\"wp-block-stackable-column stk-block-column stk-column stk-block stk-e76e4a4\" data-v=\"4\" data-block-id=\"e76e4a4\"><style>.stk-e76e4a4-container{margin-top:0px !important;margin-right:0px !important;margin-bottom:0px !important;margin-left:0px !important;}@media screen and (min-width:690px) and (max-width:999px){.stk-e76e4a4 {flex:var(--stk-flex-grow, 1) 1 calc(100% - var(--stk-column-gap, 0px) * 0 \/ 1 ) !important;}}<\/style><div class=\"stk-column-wrapper stk-block-column__content stk-container stk-e76e4a4-container stk--no-background stk--no-padding\"><div class=\"stk-block-content stk-inner-blocks stk-e76e4a4-inner-blocks\">\n<div class=\"wp-block-stackable-image stk-block-image stk-block stk-508cf88\" data-block-id=\"508cf88\"><style>.stk-508cf88 .stk-img-wrapper{height:600px !important;}<\/style><figure><span class=\"stk-img-wrapper stk-image--shape-stretch\"><img loading=\"lazy\" decoding=\"async\" class=\"stk-img wp-image-942\" src=\"https:\/\/mindsession.com\/wp-content\/uploads\/2025\/01\/Image-etat-vide.jpg-2.avif\" width=\"784\" height=\"784\" srcset=\"https:\/\/www.mindsession.com\/wp-content\/uploads\/2025\/01\/Image-etat-vide.jpg-2.avif 784w, https:\/\/www.mindsession.com\/wp-content\/uploads\/2025\/01\/Image-etat-vide.jpg-2-300x300.jpg 300w, https:\/\/www.mindsession.com\/wp-content\/uploads\/2025\/01\/Image-etat-vide.jpg-2-150x150.jpg 150w, https:\/\/www.mindsession.com\/wp-content\/uploads\/2025\/01\/Image-etat-vide.jpg-2-768x768.jpg 768w, https:\/\/www.mindsession.com\/wp-content\/uploads\/2025\/01\/Image-etat-vide.jpg-2-12x12.jpg 12w\" sizes=\"auto, (max-width: 784px) 100vw, 784px\" \/><\/span><\/figure><\/div>\n\n\n\n<p data-block-type=\"core\">Emily Carrese-Chacra poursuit actuellement son doctorat en psychologie \u00e0 l&#039;Universit\u00e9 Concordia. Elle travaille sous la supervision de la Dre Lara Kalaf en tant que candidate en psychologie clinique, inscrite au registre des \u00e9tudiants et des candidats \u00e0 l&#039;admission de l&#039;OPQ. En plus de b\u00e9n\u00e9ficier de la vaste expertise de la Dre Kalaf, Emily a acquis une exp\u00e9rience pr\u00e9cieuse en travaillant avec des clients confront\u00e9s \u00e0 une grande vari\u00e9t\u00e9 de probl\u00e8mes de sant\u00e9 mentale.<\/p>\n\n\n\n<p data-block-type=\"core\">Client\u00e8le : Adultes, adolescents&nbsp;<br>Dipl\u00f4me : Doctorat en psychologie, \u00e9tudiant et ma\u00eetrise en psychologie, dipl\u00f4me d&#039;\u00e9tudes sup\u00e9rieures en psychologie clinique&nbsp;<br>Licence : Doctorante en psychologie exer\u00e7ant sous supervision<br>Langues : Anglais, Fran\u00e7ais<\/p>\n<\/div><\/div><\/div>\n<\/div><\/div>\n<\/div><\/div><\/div>\n<\/div><\/div>","protected":false},"excerpt":{"rendered":"<p>Back to team Emily Carrese-Chacra Doctoral Candidate in Psychology Are you experiencing difficulties with anxiety, depression, self-esteem, grief, your relationships and\/or work issues that you wish to address in a nonjudgmental psychotherapeutic space? I may be able to accompany you in facing life\u2019s challenges and to help you foster improved well-being through the exploration of [&hellip;]<\/p>\n","protected":false},"author":1,"featured_media":0,"parent":653,"menu_order":0,"comment_status":"closed","ping_status":"closed","template":"","meta":{"_gspb_post_css":"","footnotes":""},"class_list":["post-1574","page","type-page","status-publish","hentry"],"blocksy_meta":[],"yoast_head":"<!-- This site is optimized with the Yoast SEO plugin v27.4 - https:\/\/yoast.com\/product\/yoast-seo-wordpress\/ -->\n<title>Emily Carrese-Chacra - Mindsession Intercultural Psychology<\/title>\n<meta name=\"robots\" content=\"index, follow, max-snippet:-1, max-image-preview:large, max-video-preview:-1\" \/>\n<link rel=\"canonical\" href=\"https:\/\/www.mindsession.com\/fr\/about-mindsession-intercultural-psychology\/our-team\/emily-carrese-chacra\/\" \/>\n<meta property=\"og:locale\" content=\"fr_CA\" \/>\n<meta property=\"og:type\" content=\"article\" \/>\n<meta property=\"og:title\" content=\"Emily Carrese-Chacra - Mindsession Intercultural Psychology\" \/>\n<meta property=\"og:description\" content=\"Back to team Emily Carrese-Chacra Doctoral Candidate in Psychology Are you experiencing difficulties with anxiety, depression, self-esteem, grief, your relationships and\/or work issues that you wish to address in a nonjudgmental psychotherapeutic space? I may be able to accompany you in facing life\u2019s challenges and to help you foster improved well-being through the exploration of [&hellip;]\" \/>\n<meta property=\"og:url\" content=\"https:\/\/www.mindsession.com\/fr\/about-mindsession-intercultural-psychology\/our-team\/emily-carrese-chacra\/\" \/>\n<meta property=\"og:site_name\" content=\"Mindsession Intercultural Psychology\" \/>\n<meta property=\"article:publisher\" content=\"https:\/\/www.facebook.com\/MindSessionPsy\/\" \/>\n<meta property=\"article:modified_time\" content=\"2025-09-22T19:03:26+00:00\" \/>\n<meta name=\"twitter:card\" content=\"summary_large_image\" \/>\n<meta name=\"twitter:label1\" content=\"Estimation du temps de lecture\" \/>\n\t<meta name=\"twitter:data1\" content=\"2 minutes\" \/>\n<script type=\"application\/ld+json\" class=\"yoast-schema-graph\">{\"@context\":\"https:\\\/\\\/schema.org\",\"@graph\":[{\"@type\":\"WebPage\",\"@id\":\"https:\\\/\\\/www.mindsession.com\\\/about-mindsession-intercultural-psychology\\\/our-team\\\/emily-carrese-chacra\\\/\",\"url\":\"https:\\\/\\\/www.mindsession.com\\\/about-mindsession-intercultural-psychology\\\/our-team\\\/emily-carrese-chacra\\\/\",\"name\":\"Emily Carrese-Chacra - Mindsession Intercultural Psychology\",\"isPartOf\":{\"@id\":\"https:\\\/\\\/www.mindsession.com\\\/en\\\/#website\"},\"primaryImageOfPage\":{\"@id\":\"https:\\\/\\\/www.mindsession.com\\\/about-mindsession-intercultural-psychology\\\/our-team\\\/emily-carrese-chacra\\\/#primaryimage\"},\"image\":{\"@id\":\"https:\\\/\\\/www.mindsession.com\\\/about-mindsession-intercultural-psychology\\\/our-team\\\/emily-carrese-chacra\\\/#primaryimage\"},\"thumbnailUrl\":\"https:\\\/\\\/mindsession.com\\\/wp-content\\\/uploads\\\/2025\\\/01\\\/Image-etat-vide.jpg-2.avif\",\"datePublished\":\"2025-01-10T03:01:56+00:00\",\"dateModified\":\"2025-09-22T19:03:26+00:00\",\"breadcrumb\":{\"@id\":\"https:\\\/\\\/www.mindsession.com\\\/about-mindsession-intercultural-psychology\\\/our-team\\\/emily-carrese-chacra\\\/#breadcrumb\"},\"inLanguage\":\"fr-CA\",\"potentialAction\":[{\"@type\":\"ReadAction\",\"target\":[\"https:\\\/\\\/www.mindsession.com\\\/about-mindsession-intercultural-psychology\\\/our-team\\\/emily-carrese-chacra\\\/\"]}]},{\"@type\":\"ImageObject\",\"inLanguage\":\"fr-CA\",\"@id\":\"https:\\\/\\\/www.mindsession.com\\\/about-mindsession-intercultural-psychology\\\/our-team\\\/emily-carrese-chacra\\\/#primaryimage\",\"url\":\"https:\\\/\\\/mindsession.com\\\/wp-content\\\/uploads\\\/2025\\\/01\\\/Image-etat-vide.jpg-2.avif\",\"contentUrl\":\"https:\\\/\\\/mindsession.com\\\/wp-content\\\/uploads\\\/2025\\\/01\\\/Image-etat-vide.jpg-2.avif\"},{\"@type\":\"BreadcrumbList\",\"@id\":\"https:\\\/\\\/www.mindsession.com\\\/about-mindsession-intercultural-psychology\\\/our-team\\\/emily-carrese-chacra\\\/#breadcrumb\",\"itemListElement\":[{\"@type\":\"ListItem\",\"position\":1,\"name\":\"Home\",\"item\":\"https:\\\/\\\/www.mindsession.com\\\/\"},{\"@type\":\"ListItem\",\"position\":2,\"name\":\"About\",\"item\":\"https:\\\/\\\/www.mindsession.com\\\/about-mindsession-intercultural-psychology\\\/\"},{\"@type\":\"ListItem\",\"position\":3,\"name\":\"Our Team\",\"item\":\"https:\\\/\\\/www.mindsession.com\\\/about-mindsession-intercultural-psychology\\\/our-team\\\/\"},{\"@type\":\"ListItem\",\"position\":4,\"name\":\"Emily Carrese-Chacra\"}]},{\"@type\":\"WebSite\",\"@id\":\"https:\\\/\\\/www.mindsession.com\\\/en\\\/#website\",\"url\":\"https:\\\/\\\/www.mindsession.com\\\/en\\\/\",\"name\":\"Mindsession Intercultural Psychology\",\"description\":\"A mental health clinic specializing in Intercultural Psychology, serving Montreal&#039;s diverse communities.\",\"publisher\":{\"@id\":\"https:\\\/\\\/www.mindsession.com\\\/en\\\/#organization\"},\"potentialAction\":[{\"@type\":\"SearchAction\",\"target\":{\"@type\":\"EntryPoint\",\"urlTemplate\":\"https:\\\/\\\/www.mindsession.com\\\/en\\\/?s={search_term_string}\"},\"query-input\":{\"@type\":\"PropertyValueSpecification\",\"valueRequired\":true,\"valueName\":\"search_term_string\"}}],\"inLanguage\":\"fr-CA\"},{\"@type\":\"Organization\",\"@id\":\"https:\\\/\\\/www.mindsession.com\\\/en\\\/#organization\",\"name\":\"Mindsession Intercultural Psychology\",\"url\":\"https:\\\/\\\/www.mindsession.com\\\/en\\\/\",\"logo\":{\"@type\":\"ImageObject\",\"inLanguage\":\"fr-CA\",\"@id\":\"https:\\\/\\\/www.mindsession.com\\\/en\\\/#\\\/schema\\\/logo\\\/image\\\/\",\"url\":\"https:\\\/\\\/www.mindsession.com\\\/wp-content\\\/uploads\\\/2025\\\/01\\\/3-Mindsession_Logo_Icon-with-Name-Teal.png\",\"contentUrl\":\"https:\\\/\\\/www.mindsession.com\\\/wp-content\\\/uploads\\\/2025\\\/01\\\/3-Mindsession_Logo_Icon-with-Name-Teal.png\",\"width\":12088,\"height\":4452,\"caption\":\"Mindsession Intercultural Psychology\"},\"image\":{\"@id\":\"https:\\\/\\\/www.mindsession.com\\\/en\\\/#\\\/schema\\\/logo\\\/image\\\/\"},\"sameAs\":[\"https:\\\/\\\/www.facebook.com\\\/MindSessionPsy\\\/\",\"https:\\\/\\\/www.instagram.com\\\/mindsession\\\/\",\"https:\\\/\\\/www.linkedin.com\\\/company\\\/mindsession-psychology\\\/?viewAsMember=true\"]}]}<\/script>\n<!-- \/ Yoast SEO plugin. -->","yoast_head_json":{"title":"Emily Carrese-Chacra - Mindsession Psychologie interculturelle","robots":{"index":"index","follow":"follow","max-snippet":"max-snippet:-1","max-image-preview":"max-image-preview:large","max-video-preview":"max-video-preview:-1"},"canonical":"https:\/\/www.mindsession.com\/fr\/about-mindsession-intercultural-psychology\/our-team\/emily-carrese-chacra\/","og_locale":"fr_CA","og_type":"article","og_title":"Emily Carrese-Chacra - Mindsession Intercultural Psychology","og_description":"Back to team Emily Carrese-Chacra Doctoral Candidate in Psychology Are you experiencing difficulties with anxiety, depression, self-esteem, grief, your relationships and\/or work issues that you wish to address in a nonjudgmental psychotherapeutic space? I may be able to accompany you in facing life\u2019s challenges and to help you foster improved well-being through the exploration of [&hellip;]","og_url":"https:\/\/www.mindsession.com\/fr\/about-mindsession-intercultural-psychology\/our-team\/emily-carrese-chacra\/","og_site_name":"Mindsession Intercultural Psychology","article_publisher":"https:\/\/www.facebook.com\/MindSessionPsy\/","article_modified_time":"2025-09-22T19:03:26+00:00","twitter_card":"summary_large_image","twitter_misc":{"Estimation du temps de lecture":"2 minutes"},"schema":{"@context":"https:\/\/schema.org","@graph":[{"@type":"WebPage","@id":"https:\/\/www.mindsession.com\/about-mindsession-intercultural-psychology\/our-team\/emily-carrese-chacra\/","url":"https:\/\/www.mindsession.com\/about-mindsession-intercultural-psychology\/our-team\/emily-carrese-chacra\/","name":"Emily Carrese-Chacra - Mindsession Psychologie interculturelle","isPartOf":{"@id":"https:\/\/www.mindsession.com\/en\/#website"},"primaryImageOfPage":{"@id":"https:\/\/www.mindsession.com\/about-mindsession-intercultural-psychology\/our-team\/emily-carrese-chacra\/#primaryimage"},"image":{"@id":"https:\/\/www.mindsession.com\/about-mindsession-intercultural-psychology\/our-team\/emily-carrese-chacra\/#primaryimage"},"thumbnailUrl":"https:\/\/mindsession.com\/wp-content\/uploads\/2025\/01\/Image-etat-vide.jpg-2.avif","datePublished":"2025-01-10T03:01:56+00:00","dateModified":"2025-09-22T19:03:26+00:00","breadcrumb":{"@id":"https:\/\/www.mindsession.com\/about-mindsession-intercultural-psychology\/our-team\/emily-carrese-chacra\/#breadcrumb"},"inLanguage":"fr-CA","potentialAction":[{"@type":"ReadAction","target":["https:\/\/www.mindsession.com\/about-mindsession-intercultural-psychology\/our-team\/emily-carrese-chacra\/"]}]},{"@type":"ImageObject","inLanguage":"fr-CA","@id":"https:\/\/www.mindsession.com\/about-mindsession-intercultural-psychology\/our-team\/emily-carrese-chacra\/#primaryimage","url":"https:\/\/mindsession.com\/wp-content\/uploads\/2025\/01\/Image-etat-vide.jpg-2.avif","contentUrl":"https:\/\/mindsession.com\/wp-content\/uploads\/2025\/01\/Image-etat-vide.jpg-2.avif"},{"@type":"BreadcrumbList","@id":"https:\/\/www.mindsession.com\/about-mindsession-intercultural-psychology\/our-team\/emily-carrese-chacra\/#breadcrumb","itemListElement":[{"@type":"ListItem","position":1,"name":"Home","item":"https:\/\/www.mindsession.com\/"},{"@type":"ListItem","position":2,"name":"About","item":"https:\/\/www.mindsession.com\/about-mindsession-intercultural-psychology\/"},{"@type":"ListItem","position":3,"name":"Our Team","item":"https:\/\/www.mindsession.com\/about-mindsession-intercultural-psychology\/our-team\/"},{"@type":"ListItem","position":4,"name":"Emily Carrese-Chacra"}]},{"@type":"WebSite","@id":"https:\/\/www.mindsession.com\/en\/#website","url":"https:\/\/www.mindsession.com\/en\/","name":"Mindsession Psychologie interculturelle","description":"Une clinique de sant\u00e9 mentale sp\u00e9cialis\u00e9e en psychologie interculturelle, au service des diverses communaut\u00e9s de Montr\u00e9al.","publisher":{"@id":"https:\/\/www.mindsession.com\/en\/#organization"},"potentialAction":[{"@type":"SearchAction","target":{"@type":"EntryPoint","urlTemplate":"https:\/\/www.mindsession.com\/en\/?s={search_term_string}"},"query-input":{"@type":"PropertyValueSpecification","valueRequired":true,"valueName":"search_term_string"}}],"inLanguage":"fr-CA"},{"@type":"Organization","@id":"https:\/\/www.mindsession.com\/en\/#organization","name":"Mindsession Psychologie interculturelle","url":"https:\/\/www.mindsession.com\/en\/","logo":{"@type":"ImageObject","inLanguage":"fr-CA","@id":"https:\/\/www.mindsession.com\/en\/#\/schema\/logo\/image\/","url":"https:\/\/www.mindsession.com\/wp-content\/uploads\/2025\/01\/3-Mindsession_Logo_Icon-with-Name-Teal.png","contentUrl":"https:\/\/www.mindsession.com\/wp-content\/uploads\/2025\/01\/3-Mindsession_Logo_Icon-with-Name-Teal.png","width":12088,"height":4452,"caption":"Mindsession Intercultural Psychology"},"image":{"@id":"https:\/\/www.mindsession.com\/en\/#\/schema\/logo\/image\/"},"sameAs":["https:\/\/www.facebook.com\/MindSessionPsy\/","https:\/\/www.instagram.com\/mindsession\/","https:\/\/www.linkedin.com\/company\/mindsession-psychology\/?viewAsMember=true"]}]}},"_links":{"self":[{"href":"https:\/\/www.mindsession.com\/fr\/wp-json\/wp\/v2\/pages\/1574","targetHints":{"allow":["GET"]}}],"collection":[{"href":"https:\/\/www.mindsession.com\/fr\/wp-json\/wp\/v2\/pages"}],"about":[{"href":"https:\/\/www.mindsession.com\/fr\/wp-json\/wp\/v2\/types\/page"}],"author":[{"embeddable":true,"href":"https:\/\/www.mindsession.com\/fr\/wp-json\/wp\/v2\/users\/1"}],"replies":[{"embeddable":true,"href":"https:\/\/www.mindsession.com\/fr\/wp-json\/wp\/v2\/comments?post=1574"}],"version-history":[{"count":2,"href":"https:\/\/www.mindsession.com\/fr\/wp-json\/wp\/v2\/pages\/1574\/revisions"}],"predecessor-version":[{"id":2355,"href":"https:\/\/www.mindsession.com\/fr\/wp-json\/wp\/v2\/pages\/1574\/revisions\/2355"}],"up":[{"embeddable":true,"href":"https:\/\/www.mindsession.com\/fr\/wp-json\/wp\/v2\/pages\/653"}],"wp:attachment":[{"href":"https:\/\/www.mindsession.com\/fr\/wp-json\/wp\/v2\/media?parent=1574"}],"curies":[{"name":"wp","href":"https:\/\/api.w.org\/{rel}","templated":true}]}}