{"id":2043,"date":"2025-05-14T15:19:37","date_gmt":"2025-05-14T15:19:37","guid":{"rendered":"https:\/\/www.mindsession.com\/?page_id=2043"},"modified":"2026-01-06T16:42:09","modified_gmt":"2026-01-06T16:42:09","slug":"shealyn-shul","status":"publish","type":"page","link":"https:\/\/www.mindsession.com\/fr\/about-mindsession-intercultural-psychology\/our-team\/shealyn-shul\/","title":{"rendered":"Synagogue Shealyn"},"content":{"rendered":"<div class=\"wp-block-stackable-button-group stk-block-button-group stk-block stk-ef6b7e5\" data-block-id=\"ef6b7e5\"><style>.stk-ef6b7e5 .stk-block-button, .stk-ef6b7e5 .stk-block-icon-button{flex:1 0 0% !important;}<\/style><div class=\"stk-row stk-inner-blocks stk-block-content stk-button-group\">\n<div class=\"wp-block-stackable-button stk-block-button is-style-link stk-block stk-c7bb58d\" data-block-id=\"c7bb58d\"><style>.stk-c7bb58d .stk-button:before{box-shadow:0 0 0 1px #7878781a !important;border-color:var(--stk-global-color-92563, #437d83) !important;border-top-width:0px !important;border-right-width:0px !important;border-bottom-width:0px !important;border-left-width:0px !important;}.stk-c7bb58d .stk-button .stk--inner-svg svg:last-child{margin-inline-end:9px !important;}.stk-c7bb58d .stk-button .stk--inner-svg svg:last-child, .stk-c7bb58d .stk-button .stk--inner-svg svg:last-child :is(g, path, rect, polygon, ellipse){fill:var(--stk-global-color-92563, #437d83) !important;}<\/style><a class=\"stk-link stk-button stk--hover-effect-darken\" href=\"https:\/\/www.mindsession.com\/fr\/about\/our-team\/\"><span class=\"stk--svg-wrapper\"><div class=\"stk--inner-svg\"><svg xmlns=\"http:\/\/www.w3.org\/2000\/svg\" viewbox=\"0 0 448 512\" aria-hidden=\"true\" width=\"32\" height=\"32\"><path d=\"M9.4 233.4c-12.5 12.5-12.5 32.8 0 45.3l160 160c12.5 12.5 32.8 12.5 45.3 0s12.5-32.8 0-45.3L109.2 288 416 288c17.7 0 32-14.3 32-32s-14.3-32-32-32l-306.7 0L214.6 118.6c12.5-12.5 12.5-32.8 0-45.3s-32.8-12.5-45.3 0l-160 160z\"\/><\/svg><\/div><\/span><span class=\"stk-button__inner-text\">Retour \u00e0 l&#039;\u00e9quipe<\/span><\/a><\/div>\n<\/div><\/div>\n\n\n\n<div class=\"wp-block-stackable-columns alignfull stk-block-columns stk-block stk-0b1ff87 stk-block-background\" data-block-id=\"0b1ff87\"><style>.stk-0b1ff87 {padding-top:80px !important;padding-bottom:80px !important;}<\/style><div class=\"stk-row stk-inner-blocks stk-block-content stk-content-align stk-0b1ff87-column alignwide\">\n<div class=\"wp-block-stackable-column stk-block-column stk-column stk-block stk-b669654\" data-v=\"4\" data-block-id=\"b669654\"><div class=\"stk-column-wrapper stk-block-column__content stk-container stk-b669654-container stk--no-background stk--no-padding\"><div class=\"stk-block-content stk-inner-blocks stk-b669654-inner-blocks\">\n<div class=\"wp-block-stackable-columns stk-block-columns stk-block stk-dfbbd70\" data-block-id=\"dfbbd70\"><style>.stk-dfbbd70 {margin-bottom:48px !important;}.stk-dfbbd70-column{--stk-column-gap:64px !important;row-gap:32px !important;}<\/style><div class=\"stk-row stk-inner-blocks stk-block-content stk-content-align stk-dfbbd70-column\">\n<div class=\"wp-block-stackable-column stk-block-column stk-column stk-block stk-96bb042\" data-v=\"4\" data-block-id=\"96bb042\"><style>.stk-96bb042-container{margin-top:0px !important;margin-right:0px !important;margin-bottom:0px !important;margin-left:0px !important;display:flex !important;}.stk-96bb042-inner-blocks{justify-content:center !important;}@media screen and (min-width:690px) and (max-width:999px){.stk-96bb042 {flex:var(--stk-flex-grow, 1) 1 calc(100% - var(--stk-column-gap, 0px) * 0 \/ 1 ) !important;}}<\/style><div class=\"stk-column-wrapper stk-block-column__content stk-container stk-96bb042-container stk--no-background stk--no-padding\"><div class=\"stk-block-content stk-inner-blocks stk-96bb042-inner-blocks\">\n<div class=\"wp-block-stackable-heading stk-block-heading stk-block-heading--v2 stk-block stk-0d26ad3\" id=\"shealyn-shul\" data-block-id=\"0d26ad3\"><h1 class=\"stk-block-heading__text\">Synagogue Shealyn<\/h1><\/div>\n\n\n\n<div class=\"wp-block-stackable-heading stk-block-heading stk-block-heading--v2 stk-block stk-c90041a\" id=\"counselling-intern\" data-block-id=\"c90041a\"><style>.stk-c90041a .stk-block-heading__text{color:var(--stk-global-color-70103, #025159) !important;}<\/style><h4 class=\"stk-block-heading__text has-text-color\">Stagiaire en conseil<\/h4><\/div>\n\n\n\n<div class=\"wp-block-stackable-icon stk-block-icon has-text-align-center-tablet stk-block stk-a295d7b\" data-block-id=\"a295d7b\"><span class=\"stk--svg-wrapper\"><div class=\"stk--inner-svg\"><svg style=\"height:0;width:0\"><defs><lineargradient id=\"linear-gradient-a295d7b\" x1=\"0\" x2=\"100%\" y1=\"0\" y2=\"0\"><stop offset=\"0%\" style=\"stop-opacity:1;stop-color:var(--linear-gradient-a-295-d-7-b-color-1)\"><\/stop><stop offset=\"100%\" style=\"stop-opacity:1;stop-color:var(--linear-gradient-a-295-d-7-b-color-2)\"><\/stop><\/lineargradient><\/defs><\/svg><svg aria-hidden=\"true\" data-prefix=\"fas\" data-icon=\"quote-right\" class=\"svg-inline--fa fa-quote-right fa-w-16\" xmlns=\"http:\/\/www.w3.org\/2000\/svg\" viewbox=\"0 0 512 512\" width=\"32\" height=\"32\"><path fill=\"currentColor\" d=\"M464 32H336c-26.5 0-48 21.5-48 48v128c0 26.5 21.5 48 48 48h80v64c0 35.3-28.7 64-64 64h-8c-13.3 0-24 10.7-24 24v48c0 13.3 10.7 24 24 24h8c88.4 0 160-71.6 160-160V80c0-26.5-21.5-48-48-48zm-288 0H48C21.5 32 0 53.5 0 80v128c0 26.5 21.5 48 48 48h80v64c0 35.3-28.7 64-64 64h-8c-13.3 0-24 10.7-24 24v48c0 13.3 10.7 24 24 24h8c88.4 0 160-71.6 160-160V80c0-26.5-21.5-48-48-48z\"><\/path><\/svg><\/div><\/span><\/div>\n\n\n\n<div class=\"wp-block-stackable-text stk-block-text stk-block stk-77216fb\" data-block-id=\"77216fb\"><p class=\"stk-block-text__text\">En tant que stagiaire, mon approche th\u00e9rapeutique consiste \u00e0 offrir un espace chaleureux et collaboratif aux clients pour les aider \u00e0 surmonter leurs difficult\u00e9s. Je consid\u00e8re la relation th\u00e9rapeutique comme un \u00e9l\u00e9ment cl\u00e9 de la gu\u00e9rison et de l&#039;\u00e9panouissement, et je m&#039;efforce de cr\u00e9er un espace s\u00fbr et sans jugement o\u00f9 les clients se sentent v\u00e9ritablement pris en compte et \u00e9cout\u00e9s.<\/p><\/div>\n\n\n\n<p data-block-type=\"core\">Je suis attir\u00e9e par les approches psychodynamiques et humanistes et j&#039;attache une grande importance \u00e0 l&#039;exploration des racines profondes du monde \u00e9motionnel du client, tout en encourageant sa capacit\u00e9 de d\u00e9veloppement, de choix et de conscience de soi. Cela dit, je privil\u00e9gie une approche th\u00e9rapeutique int\u00e9grative, m&#039;appuyant sur diverses modalit\u00e9s, notamment la th\u00e9rapie cognitivo-comportementale (TCC), les pratiques de pleine conscience, la th\u00e9rapie existentielle et les interventions cr\u00e9atives ou exp\u00e9rientielles, afin d&#039;adapter les s\u00e9ances aux besoins, aux forces et au contexte culturel uniques de la personne avec laquelle je travaille.<\/p>\n\n\n\n<p data-block-type=\"core\">J&#039;ai principalement travaill\u00e9 avec des personnes neurodivergentes, des jeunes ayant des besoins particuliers et des personnes en difficult\u00e9 de r\u00e9gulation \u00e9motionnelle. J&#039;esp\u00e8re toutefois d\u00e9velopper mon exp\u00e9rience aupr\u00e8s de publics vari\u00e9s et trouver ma place. En tant que th\u00e9rapeute d\u00e9butante, je privil\u00e9gie l&#039;introspection continue, l&#039;humilit\u00e9 culturelle et la supervision, afin de m&#039;\u00e9panouir continuellement, tant sur le plan personnel que professionnel, tout en prodiguant des soins.<\/p>\n\n\n\n<p data-block-type=\"core\"><\/p>\n\n\n\n<div class=\"wp-block-stackable-heading stk-block-heading stk-block-heading--v2 stk-block stk-bd94a21\" id=\"training-and-credentials\" data-block-id=\"bd94a21\"><h5 class=\"stk-block-heading__text\">Formation et qualifications<\/h5><\/div>\n\n\n\n<div class=\"wp-block-stackable-text stk-block-text stk-block stk-320d1eb\" data-block-id=\"320d1eb\"><p class=\"stk-block-text__text\">Baccalaur\u00e9at \u00e8s arts<\/p><\/div>\n\n\n\n<div class=\"wp-block-stackable-heading stk-block-heading stk-block-heading--v2 stk-block stk-0a1ba25\" id=\"formation-et-parcours-professionnelle\" data-block-id=\"0a1ba25\"><h5 class=\"stk-block-heading__text\">Expertise et causes qui me tiennent \u00e0 c\u0153ur<\/h5><\/div>\n\n\n\n<div class=\"wp-block-stackable-text stk-block-text stk-block stk-4074a9c\" data-block-id=\"4074a9c\"><p class=\"stk-block-text__text\">Domaines d&#039;expertise : Je m&#039;int\u00e9resse \u00e0 : la neurodivergence, la r\u00e9gulation \u00e9motionnelle et la conscience de soi, la gu\u00e9rison des relations toxiques<br><\/p><\/div>\n\n\n\n<div class=\"wp-block-stackable-heading stk-block-heading stk-block-heading--v2 stk-block stk-8fa2ae1\" id=\"formation-et-parcours-professionnelle\" data-block-id=\"8fa2ae1\"><h5 class=\"stk-block-heading__text\">Approche<\/h5><\/div>\n\n\n\n<div class=\"wp-block-stackable-text stk-block-text stk-block stk-cdf0164\" data-block-id=\"cdf0164\"><p class=\"stk-block-text__text\">Humaniste\/existentiel. Psychodynamique<br><br><\/p><\/div>\n\n\n\n<div class=\"wp-block-stackable-button-group stk-block-button-group stk-block stk-fd3d171\" data-block-id=\"fd3d171\"><style>.stk-fd3d171 {margin-bottom:40px !important;}.stk-fd3d171 .stk-inner-blocks{column-gap:8px !important;}<\/style><div class=\"stk-row stk-inner-blocks stk-block-content stk-button-group\">\n<div class=\"wp-block-stackable-button stk-block-button stk-block stk-7153a6c\" data-block-id=\"7153a6c\"><style>.stk-7153a6c .stk-button{background:var(--stk-global-color-92563, #437d83) !important;}.stk-7153a6c .stk-button:before{box-shadow:0 0 0 1px #7878781a !important;border-color:var(--stk-global-color-92563, #437d83) !important;border-top-width:0px !important;border-right-width:0px !important;border-bottom-width:0px !important;border-left-width:0px !important;}.stk-7153a6c .stk-button .stk--inner-svg svg:last-child{margin-inline-end:0px !important;}.stk-7153a6c .stk-button__inner-text{color:var(--stk-global-color-534, #ffffff) !important;}<\/style><a class=\"stk-link stk-button stk--hover-effect-darken\" href=\"\"><span class=\"has-text-color stk-button__inner-text\">R\u00e9server une s\u00e9ance<\/span><\/a><\/div>\n\n\n\n<div class=\"wp-block-stackable-button stk-block-button stk-block stk-2da46e9\" data-block-id=\"2da46e9\"><style>.stk-2da46e9 .stk-button{background:transparent !important;}.stk-2da46e9 .stk-button:hover:after{background:transparent !important;opacity:1 !important;}:where(.stk-hover-parent:hover,  .stk-hover-parent.stk--is-hovered) .stk-2da46e9 .stk-button:after{background:transparent !important;opacity:1 !important;}.stk-2da46e9 .stk-button:before{box-shadow:0 0 0 1px #7878781a !important;border-style:solid !important;border-color:var(--stk-global-color-92563, #437d83) !important;border-top-width:0px !important;border-right-width:0px !important;border-bottom-width:0px !important;border-left-width:0px !important;}.stk-2da46e9 .stk-button .stk--inner-svg svg:last-child{margin-inline-end:0px !important;}.stk-2da46e9 .stk-button .stk--inner-svg svg:last-child, .stk-2da46e9 .stk-button .stk--inner-svg svg:last-child :is(g, path, rect, polygon, ellipse){fill:var(--stk-global-color-92563, #437d83) !important;}.stk-2da46e9 .stk-button__inner-text{color:var(--stk-global-color-92563, #437d83) !important;}<\/style><a class=\"stk-link stk-button stk--hover-effect-darken\" href=\"\"><span class=\"has-text-color stk-button__inner-text\">Appelez-nous<\/span><\/a><\/div>\n<\/div><\/div>\n<\/div><\/div><\/div>\n\n\n\n<div class=\"wp-block-stackable-column stk-block-column stk-column stk-block stk-44df0d2\" data-v=\"4\" data-block-id=\"44df0d2\"><style>.stk-44df0d2-container{margin-top:0px !important;margin-right:0px !important;margin-bottom:0px !important;margin-left:0px !important;}@media screen and (min-width:690px) and (max-width:999px){.stk-44df0d2 {flex:var(--stk-flex-grow, 1) 1 calc(100% - var(--stk-column-gap, 0px) * 0 \/ 1 ) !important;}}<\/style><div class=\"stk-column-wrapper stk-block-column__content stk-container stk-44df0d2-container stk--no-background stk--no-padding\"><div class=\"stk-block-content stk-inner-blocks stk-44df0d2-inner-blocks\">\n<div class=\"wp-block-stackable-image stk-block-image stk-block stk-4f83e72\" data-block-id=\"4f83e72\"><style>.stk-4f83e72 .stk-img-wrapper{height:600px !important;}<\/style><figure><a class=\"stk-link\" href=\"https:\/\/www.mindsession.com\/wp-admin\/post.php?post=2043&amp;action=edit\"><span class=\"stk-img-wrapper stk-image--shape-stretch\"><img loading=\"lazy\" decoding=\"async\" class=\"stk-img wp-image-2023\" src=\"https:\/\/www.mindsession.com\/wp-content\/uploads\/2025\/05\/Shealyn-Shul-Headshot.jpg\" width=\"2560\" height=\"1920\" srcset=\"https:\/\/www.mindsession.com\/wp-content\/uploads\/2025\/05\/Shealyn-Shul-Headshot.jpg 2560w, https:\/\/www.mindsession.com\/wp-content\/uploads\/2025\/05\/Shealyn-Shul-Headshot-300x225.jpg 300w, https:\/\/www.mindsession.com\/wp-content\/uploads\/2025\/05\/Shealyn-Shul-Headshot-1024x768.jpg 1024w, https:\/\/www.mindsession.com\/wp-content\/uploads\/2025\/05\/Shealyn-Shul-Headshot-768x576.jpg 768w, https:\/\/www.mindsession.com\/wp-content\/uploads\/2025\/05\/Shealyn-Shul-Headshot-1536x1152.jpg 1536w, https:\/\/www.mindsession.com\/wp-content\/uploads\/2025\/05\/Shealyn-Shul-Headshot-2048x1536.jpg 2048w, https:\/\/www.mindsession.com\/wp-content\/uploads\/2025\/05\/Shealyn-Shul-Headshot-16x12.jpg 16w\" sizes=\"auto, (max-width: 2560px) 100vw, 2560px\" \/><\/span><\/a><\/figure><\/div>\n\n\n\n<div class=\"wp-block-stackable-text stk-block-text stk-block stk-0d387cb\" data-block-id=\"0d387cb\"><p class=\"stk-block-text__text\">En tant que stagiaire, mon approche th\u00e9rapeutique consiste \u00e0 offrir un espace chaleureux et collaboratif aux clients pour les aider \u00e0 surmonter leurs difficult\u00e9s. Je consid\u00e8re la relation th\u00e9rapeutique comme un \u00e9l\u00e9ment cl\u00e9 de la gu\u00e9rison et de l&#039;\u00e9panouissement, et je m&#039;efforce de cr\u00e9er un espace s\u00fbr et sans jugement o\u00f9 les clients se sentent v\u00e9ritablement pris en compte et \u00e9cout\u00e9s.<\/p><\/div>\n\n\n\n<div class=\"wp-block-stackable-text stk-block-text stk-block stk-eec82b7\" data-block-id=\"eec82b7\"><p class=\"stk-block-text__text\">Client\u00e8le : 18 ans et plus<br>Dipl\u00f4me : Elle termine actuellement sa ma\u00eetrise.<br>Titulaire d&#039;une licence : Travaille sous la supervision de Mariam ElSaadani, psychoth\u00e9rapeute<br>Langues : anglais<br><\/p><\/div>\n<\/div><\/div><\/div>\n<\/div><\/div>\n<\/div><\/div><\/div>\n<\/div><\/div>","protected":false},"excerpt":{"rendered":"<p>Back to team Shealyn Shul Counselling Intern As an intern, my approach to therapy will be to offer a warm and collaborative, space for clients to navigate their struggles. I view the therapeutic relationship as a key part of healing and growth, and I strive to create a safe, non-judgmental space where clients feel truly [&hellip;]<\/p>\n","protected":false},"author":1,"featured_media":0,"parent":653,"menu_order":0,"comment_status":"closed","ping_status":"closed","template":"","meta":{"_gspb_post_css":"","footnotes":""},"class_list":["post-2043","page","type-page","status-publish","hentry"],"blocksy_meta":[],"yoast_head":"<!-- This site is optimized with the Yoast SEO plugin v27.4 - https:\/\/yoast.com\/product\/yoast-seo-wordpress\/ -->\n<title>Shealyn Shul - Mindsession Intercultural Psychology<\/title>\n<meta name=\"robots\" content=\"index, follow, max-snippet:-1, max-image-preview:large, max-video-preview:-1\" \/>\n<link rel=\"canonical\" href=\"https:\/\/www.mindsession.com\/fr\/about-mindsession-intercultural-psychology\/our-team\/shealyn-shul\/\" \/>\n<meta property=\"og:locale\" content=\"fr_CA\" \/>\n<meta property=\"og:type\" content=\"article\" \/>\n<meta property=\"og:title\" content=\"Shealyn Shul - Mindsession Intercultural Psychology\" \/>\n<meta property=\"og:description\" content=\"Back to team Shealyn Shul Counselling Intern As an intern, my approach to therapy will be to offer a warm and collaborative, space for clients to navigate their struggles. I view the therapeutic relationship as a key part of healing and growth, and I strive to create a safe, non-judgmental space where clients feel truly [&hellip;]\" \/>\n<meta property=\"og:url\" content=\"https:\/\/www.mindsession.com\/fr\/about-mindsession-intercultural-psychology\/our-team\/shealyn-shul\/\" \/>\n<meta property=\"og:site_name\" content=\"Mindsession Intercultural Psychology\" \/>\n<meta property=\"article:publisher\" content=\"https:\/\/www.facebook.com\/MindSessionPsy\/\" \/>\n<meta property=\"article:modified_time\" content=\"2026-01-06T16:42:09+00:00\" \/>\n<meta property=\"og:image\" content=\"https:\/\/www.mindsession.com\/wp-content\/uploads\/2025\/05\/Shealyn-Shul-Headshot.jpg\" \/>\n\t<meta property=\"og:image:width\" content=\"2560\" \/>\n\t<meta property=\"og:image:height\" content=\"1920\" \/>\n\t<meta property=\"og:image:type\" content=\"image\/jpeg\" \/>\n<meta name=\"twitter:card\" content=\"summary_large_image\" \/>\n<meta name=\"twitter:label1\" content=\"Estimation du temps de lecture\" \/>\n\t<meta name=\"twitter:data1\" content=\"2 minutes\" \/>\n<script type=\"application\/ld+json\" class=\"yoast-schema-graph\">{\"@context\":\"https:\\\/\\\/schema.org\",\"@graph\":[{\"@type\":\"WebPage\",\"@id\":\"https:\\\/\\\/www.mindsession.com\\\/about-mindsession-intercultural-psychology\\\/our-team\\\/shealyn-shul\\\/\",\"url\":\"https:\\\/\\\/www.mindsession.com\\\/about-mindsession-intercultural-psychology\\\/our-team\\\/shealyn-shul\\\/\",\"name\":\"Shealyn Shul - Mindsession Intercultural Psychology\",\"isPartOf\":{\"@id\":\"https:\\\/\\\/www.mindsession.com\\\/en\\\/#website\"},\"primaryImageOfPage\":{\"@id\":\"https:\\\/\\\/www.mindsession.com\\\/about-mindsession-intercultural-psychology\\\/our-team\\\/shealyn-shul\\\/#primaryimage\"},\"image\":{\"@id\":\"https:\\\/\\\/www.mindsession.com\\\/about-mindsession-intercultural-psychology\\\/our-team\\\/shealyn-shul\\\/#primaryimage\"},\"thumbnailUrl\":\"https:\\\/\\\/www.mindsession.com\\\/wp-content\\\/uploads\\\/2025\\\/05\\\/Shealyn-Shul-Headshot.jpg\",\"datePublished\":\"2025-05-14T15:19:37+00:00\",\"dateModified\":\"2026-01-06T16:42:09+00:00\",\"breadcrumb\":{\"@id\":\"https:\\\/\\\/www.mindsession.com\\\/about-mindsession-intercultural-psychology\\\/our-team\\\/shealyn-shul\\\/#breadcrumb\"},\"inLanguage\":\"fr-CA\",\"potentialAction\":[{\"@type\":\"ReadAction\",\"target\":[\"https:\\\/\\\/www.mindsession.com\\\/about-mindsession-intercultural-psychology\\\/our-team\\\/shealyn-shul\\\/\"]}]},{\"@type\":\"ImageObject\",\"inLanguage\":\"fr-CA\",\"@id\":\"https:\\\/\\\/www.mindsession.com\\\/about-mindsession-intercultural-psychology\\\/our-team\\\/shealyn-shul\\\/#primaryimage\",\"url\":\"https:\\\/\\\/www.mindsession.com\\\/wp-content\\\/uploads\\\/2025\\\/05\\\/Shealyn-Shul-Headshot.jpg\",\"contentUrl\":\"https:\\\/\\\/www.mindsession.com\\\/wp-content\\\/uploads\\\/2025\\\/05\\\/Shealyn-Shul-Headshot.jpg\"},{\"@type\":\"BreadcrumbList\",\"@id\":\"https:\\\/\\\/www.mindsession.com\\\/about-mindsession-intercultural-psychology\\\/our-team\\\/shealyn-shul\\\/#breadcrumb\",\"itemListElement\":[{\"@type\":\"ListItem\",\"position\":1,\"name\":\"Home\",\"item\":\"https:\\\/\\\/www.mindsession.com\\\/\"},{\"@type\":\"ListItem\",\"position\":2,\"name\":\"About\",\"item\":\"https:\\\/\\\/www.mindsession.com\\\/about-mindsession-intercultural-psychology\\\/\"},{\"@type\":\"ListItem\",\"position\":3,\"name\":\"Our Team\",\"item\":\"https:\\\/\\\/www.mindsession.com\\\/about-mindsession-intercultural-psychology\\\/our-team\\\/\"},{\"@type\":\"ListItem\",\"position\":4,\"name\":\"Shealyn Shul\"}]},{\"@type\":\"WebSite\",\"@id\":\"https:\\\/\\\/www.mindsession.com\\\/en\\\/#website\",\"url\":\"https:\\\/\\\/www.mindsession.com\\\/en\\\/\",\"name\":\"Mindsession Intercultural Psychology\",\"description\":\"A mental health clinic specializing in Intercultural Psychology, serving Montreal&#039;s diverse communities.\",\"publisher\":{\"@id\":\"https:\\\/\\\/www.mindsession.com\\\/en\\\/#organization\"},\"potentialAction\":[{\"@type\":\"SearchAction\",\"target\":{\"@type\":\"EntryPoint\",\"urlTemplate\":\"https:\\\/\\\/www.mindsession.com\\\/en\\\/?s={search_term_string}\"},\"query-input\":{\"@type\":\"PropertyValueSpecification\",\"valueRequired\":true,\"valueName\":\"search_term_string\"}}],\"inLanguage\":\"fr-CA\"},{\"@type\":\"Organization\",\"@id\":\"https:\\\/\\\/www.mindsession.com\\\/en\\\/#organization\",\"name\":\"Mindsession Intercultural Psychology\",\"url\":\"https:\\\/\\\/www.mindsession.com\\\/en\\\/\",\"logo\":{\"@type\":\"ImageObject\",\"inLanguage\":\"fr-CA\",\"@id\":\"https:\\\/\\\/www.mindsession.com\\\/en\\\/#\\\/schema\\\/logo\\\/image\\\/\",\"url\":\"https:\\\/\\\/www.mindsession.com\\\/wp-content\\\/uploads\\\/2025\\\/01\\\/3-Mindsession_Logo_Icon-with-Name-Teal.png\",\"contentUrl\":\"https:\\\/\\\/www.mindsession.com\\\/wp-content\\\/uploads\\\/2025\\\/01\\\/3-Mindsession_Logo_Icon-with-Name-Teal.png\",\"width\":12088,\"height\":4452,\"caption\":\"Mindsession Intercultural Psychology\"},\"image\":{\"@id\":\"https:\\\/\\\/www.mindsession.com\\\/en\\\/#\\\/schema\\\/logo\\\/image\\\/\"},\"sameAs\":[\"https:\\\/\\\/www.facebook.com\\\/MindSessionPsy\\\/\",\"https:\\\/\\\/www.instagram.com\\\/mindsession\\\/\",\"https:\\\/\\\/www.linkedin.com\\\/company\\\/mindsession-psychology\\\/?viewAsMember=true\"]}]}<\/script>\n<!-- \/ Yoast SEO plugin. -->","yoast_head_json":{"title":"Shealyn Shul - Mindsession Intercultural Psychology","robots":{"index":"index","follow":"follow","max-snippet":"max-snippet:-1","max-image-preview":"max-image-preview:large","max-video-preview":"max-video-preview:-1"},"canonical":"https:\/\/www.mindsession.com\/fr\/about-mindsession-intercultural-psychology\/our-team\/shealyn-shul\/","og_locale":"fr_CA","og_type":"article","og_title":"Shealyn Shul - Mindsession Intercultural Psychology","og_description":"Back to team Shealyn Shul Counselling Intern As an intern, my approach to therapy will be to offer a warm and collaborative, space for clients to navigate their struggles. I view the therapeutic relationship as a key part of healing and growth, and I strive to create a safe, non-judgmental space where clients feel truly [&hellip;]","og_url":"https:\/\/www.mindsession.com\/fr\/about-mindsession-intercultural-psychology\/our-team\/shealyn-shul\/","og_site_name":"Mindsession Intercultural Psychology","article_publisher":"https:\/\/www.facebook.com\/MindSessionPsy\/","article_modified_time":"2026-01-06T16:42:09+00:00","og_image":[{"width":2560,"height":1920,"url":"https:\/\/www.mindsession.com\/wp-content\/uploads\/2025\/05\/Shealyn-Shul-Headshot.jpg","type":"image\/jpeg"}],"twitter_card":"summary_large_image","twitter_misc":{"Estimation du temps de lecture":"2 minutes"},"schema":{"@context":"https:\/\/schema.org","@graph":[{"@type":"WebPage","@id":"https:\/\/www.mindsession.com\/about-mindsession-intercultural-psychology\/our-team\/shealyn-shul\/","url":"https:\/\/www.mindsession.com\/about-mindsession-intercultural-psychology\/our-team\/shealyn-shul\/","name":"Shealyn Shul - Mindsession Intercultural Psychology","isPartOf":{"@id":"https:\/\/www.mindsession.com\/en\/#website"},"primaryImageOfPage":{"@id":"https:\/\/www.mindsession.com\/about-mindsession-intercultural-psychology\/our-team\/shealyn-shul\/#primaryimage"},"image":{"@id":"https:\/\/www.mindsession.com\/about-mindsession-intercultural-psychology\/our-team\/shealyn-shul\/#primaryimage"},"thumbnailUrl":"https:\/\/www.mindsession.com\/wp-content\/uploads\/2025\/05\/Shealyn-Shul-Headshot.jpg","datePublished":"2025-05-14T15:19:37+00:00","dateModified":"2026-01-06T16:42:09+00:00","breadcrumb":{"@id":"https:\/\/www.mindsession.com\/about-mindsession-intercultural-psychology\/our-team\/shealyn-shul\/#breadcrumb"},"inLanguage":"fr-CA","potentialAction":[{"@type":"ReadAction","target":["https:\/\/www.mindsession.com\/about-mindsession-intercultural-psychology\/our-team\/shealyn-shul\/"]}]},{"@type":"ImageObject","inLanguage":"fr-CA","@id":"https:\/\/www.mindsession.com\/about-mindsession-intercultural-psychology\/our-team\/shealyn-shul\/#primaryimage","url":"https:\/\/www.mindsession.com\/wp-content\/uploads\/2025\/05\/Shealyn-Shul-Headshot.jpg","contentUrl":"https:\/\/www.mindsession.com\/wp-content\/uploads\/2025\/05\/Shealyn-Shul-Headshot.jpg"},{"@type":"BreadcrumbList","@id":"https:\/\/www.mindsession.com\/about-mindsession-intercultural-psychology\/our-team\/shealyn-shul\/#breadcrumb","itemListElement":[{"@type":"ListItem","position":1,"name":"Home","item":"https:\/\/www.mindsession.com\/"},{"@type":"ListItem","position":2,"name":"About","item":"https:\/\/www.mindsession.com\/about-mindsession-intercultural-psychology\/"},{"@type":"ListItem","position":3,"name":"Our Team","item":"https:\/\/www.mindsession.com\/about-mindsession-intercultural-psychology\/our-team\/"},{"@type":"ListItem","position":4,"name":"Shealyn Shul"}]},{"@type":"WebSite","@id":"https:\/\/www.mindsession.com\/en\/#website","url":"https:\/\/www.mindsession.com\/en\/","name":"Mindsession Psychologie interculturelle","description":"Une clinique de sant\u00e9 mentale sp\u00e9cialis\u00e9e en psychologie interculturelle, au service des diverses communaut\u00e9s de Montr\u00e9al.","publisher":{"@id":"https:\/\/www.mindsession.com\/en\/#organization"},"potentialAction":[{"@type":"SearchAction","target":{"@type":"EntryPoint","urlTemplate":"https:\/\/www.mindsession.com\/en\/?s={search_term_string}"},"query-input":{"@type":"PropertyValueSpecification","valueRequired":true,"valueName":"search_term_string"}}],"inLanguage":"fr-CA"},{"@type":"Organization","@id":"https:\/\/www.mindsession.com\/en\/#organization","name":"Mindsession Psychologie interculturelle","url":"https:\/\/www.mindsession.com\/en\/","logo":{"@type":"ImageObject","inLanguage":"fr-CA","@id":"https:\/\/www.mindsession.com\/en\/#\/schema\/logo\/image\/","url":"https:\/\/www.mindsession.com\/wp-content\/uploads\/2025\/01\/3-Mindsession_Logo_Icon-with-Name-Teal.png","contentUrl":"https:\/\/www.mindsession.com\/wp-content\/uploads\/2025\/01\/3-Mindsession_Logo_Icon-with-Name-Teal.png","width":12088,"height":4452,"caption":"Mindsession Intercultural Psychology"},"image":{"@id":"https:\/\/www.mindsession.com\/en\/#\/schema\/logo\/image\/"},"sameAs":["https:\/\/www.facebook.com\/MindSessionPsy\/","https:\/\/www.instagram.com\/mindsession\/","https:\/\/www.linkedin.com\/company\/mindsession-psychology\/?viewAsMember=true"]}]}},"_links":{"self":[{"href":"https:\/\/www.mindsession.com\/fr\/wp-json\/wp\/v2\/pages\/2043","targetHints":{"allow":["GET"]}}],"collection":[{"href":"https:\/\/www.mindsession.com\/fr\/wp-json\/wp\/v2\/pages"}],"about":[{"href":"https:\/\/www.mindsession.com\/fr\/wp-json\/wp\/v2\/types\/page"}],"author":[{"embeddable":true,"href":"https:\/\/www.mindsession.com\/fr\/wp-json\/wp\/v2\/users\/1"}],"replies":[{"embeddable":true,"href":"https:\/\/www.mindsession.com\/fr\/wp-json\/wp\/v2\/comments?post=2043"}],"version-history":[{"count":4,"href":"https:\/\/www.mindsession.com\/fr\/wp-json\/wp\/v2\/pages\/2043\/revisions"}],"predecessor-version":[{"id":2577,"href":"https:\/\/www.mindsession.com\/fr\/wp-json\/wp\/v2\/pages\/2043\/revisions\/2577"}],"up":[{"embeddable":true,"href":"https:\/\/www.mindsession.com\/fr\/wp-json\/wp\/v2\/pages\/653"}],"wp:attachment":[{"href":"https:\/\/www.mindsession.com\/fr\/wp-json\/wp\/v2\/media?parent=2043"}],"curies":[{"name":"wp","href":"https:\/\/api.w.org\/{rel}","templated":true}]}}